{"id":574,"date":"2014-05-28T14:50:37","date_gmt":"2014-05-28T12:50:37","guid":{"rendered":"https:\/\/www.ghidini-associati.it\/staging\/?page_id=574"},"modified":"2021-04-21T15:08:38","modified_gmt":"2021-04-21T13:08:38","slug":"italia-oggi-fr","status":"publish","type":"page","link":"https:\/\/www.ghidini-associati.it\/fr\/presse\/italia-oggi-fr\/","title":{"rendered":"Interviews"},"content":{"rendered":"<h2>Italia Oggi<\/h2>\n<ul class=\"interviste\">\n<li>12 aprile 2021 &#8211; <a href=\"\/sala_stampa\/testata_italia_oggi_7\/I-oggi-0013.pdf\" target=\"blank_\" rel=\"noopener\">Imprese e finanza, con gli Esg l&rsquo;azienda si fa green e sociale <\/a> \u2013<\/li>\n<li>11 febbraio 2019 &#8211; <a href=\"\/sala_stampa\/testata_italia_oggi_7\/I-oggi-0012.pdf\" target=\"blank_\" rel=\"noopener\">Recesso revocabile e forma scritta provabile anche in via implicita <\/a> \u2013 <\/li>\n<li>11 febbraio 2019 &#8211; <a href=\"\/sala_stampa\/testata_italia_oggi_7\/I-oggi-0011.pdf\" target=\"blank_\" rel=\"noopener\">Blockchain e criptovalute, legali alle prese con le nuove sfide <\/a> \u2013 <\/li>\n<li>18 giugno 2012 &#8211; <a href=\"\/sala_stampa\/testata_italia_oggi_7\/I-oggi-0010.pdf\" target=\"blank_\" rel=\"noopener\">La golden share incoragger\u00e0 gli investitori<\/a> \u2013 <\/li>\n<li>13 febbraio 2012 &#8211; <a href=\"\/sala_stampa\/testata_italia_oggi_7\/I-oggi-0009.pdf\" target=\"blank_\" rel=\"noopener\">Il rating UE non convince gli avvocati<\/a> \u2013 <\/li>\n<li>24 ottobre 2011 &#8211; <a href=\"\/sala_stampa\/testata_italia_oggi_7\/I-oggi-0008.pdf\" target=\"blank_\" rel=\"noopener\">False comunicazioni, armi spuntate<\/a> \u2013 <\/li>\n<li>29 agosto 2011 &#8211; <a href=\"\/sala_stampa\/testata_italia_oggi_7\/I-oggi-0007.pdf\" target=\"blank_\" rel=\"noopener\">Rating, occorrono nuove regole<\/a> \u2013 <\/li>\n<li>22 agosto 2011 &#8211; <a href=\"\/sala_stampa\/testata_italia_oggi_7\/I-oggi-0006.pdf\" target=\"blank_\" rel=\"noopener\">Derivati, bomba a orologeria da 30 mld<\/a> \u2013 <\/li>\n<li>23 agosto 2010 &#8211; <a href=\"\/sala_stampa\/testata_italia_oggi_7\/I-oggi-0004.pdf\" target=\"blank_\" rel=\"noopener\">Derivati, tempo di rivedere le norme<\/a> \u2013 <\/li>\n<li>26 luglio 2010 &#8211; <a href=\"\/sala_stampa\/testata_italia_oggi_7\/I-oggi-0003.pdf\" target=\"blank_\" rel=\"noopener\">Consulenze come abiti su misura<\/a> \u2013 <\/li>\n<li>2 febbraio 2009 &#8211; <a href=\"\/sala_stampa\/testata_italia_oggi_7\/I-oggi-0002.pdf\" target=\"blank_\" rel=\"noopener\">Ghidini, Girino e Associati si rafforza in compliance bancaria e nel societario<\/a> \u2013 <\/li>\n<li>28 luglio 2007 &#8211; <a href=\"\/sala_stampa\/testata_italia_oggi\/I-oggi-0001.pdf\" target=\"blank_\" rel=\"noopener\">Finanza derivata, la parola agli operatori<\/a> \u2013 <\/li>\n<\/ul>\n","protected":false},"excerpt":{"rendered":"<p>Italia Oggi 12 aprile 2021 &#8211; Imprese e finanza, con gli Esg l&rsquo;azienda si fa green e sociale \u2013 11 febbraio 2019 &#8211; Recesso revocabile e forma scritta provabile anche in via implicita \u2013 11 febbraio 2019 &#8211; Blockchain e criptovalute, legali alle prese con le nuove sfide \u2013 18 giugno 2012 &#8211; La golden<\/p><\/div>\n<div class=\"blog-btn\"><a href=\"https:\/\/www.ghidini-associati.it\/fr\/presse\/italia-oggi-fr\/\" class=\"home-blog-btn\">Lire la suite<\/a><\/p>\n","protected":false},"author":2,"featured_media":0,"parent":544,"menu_order":0,"comment_status":"closed","ping_status":"open","template":"","meta":{"footnotes":""},"class_list":["post-574","page","type-page","status-publish","hentry"],"yoast_head":"<!-- This site is optimized with the Yoast SEO plugin v27.5 - https:\/\/yoast.com\/product\/yoast-seo-wordpress\/ -->\n<title>Cabinet Ghidini, Girino &amp; Associ\u00e9s: Italia Oggi 7<\/title>\n<meta name=\"description\" content=\"Avis sur des questions juridiques, \u00e9conomiques et financi\u00e8res dans Italia Oggi 7\" \/>\n<meta name=\"robots\" content=\"index, follow, max-snippet:-1, max-image-preview:large, max-video-preview:-1\" \/>\n<link rel=\"canonical\" href=\"https:\/\/www.ghidini-associati.it\/fr\/presse\/italia-oggi-fr\/\" \/>\n<meta property=\"og:locale\" content=\"fr_FR\" \/>\n<meta property=\"og:type\" content=\"article\" \/>\n<meta property=\"og:title\" content=\"Cabinet Ghidini, Girino &amp; Associ\u00e9s: Italia Oggi 7\" \/>\n<meta property=\"og:description\" content=\"Avis sur des questions juridiques, \u00e9conomiques et financi\u00e8res dans Italia Oggi 7\" \/>\n<meta property=\"og:url\" content=\"https:\/\/www.ghidini-associati.it\/fr\/presse\/italia-oggi-fr\/\" \/>\n<meta property=\"og:site_name\" content=\"Studio Ghidini, Girino &amp; Associati\" \/>\n<meta property=\"article:modified_time\" content=\"2021-04-21T13:08:38+00:00\" \/>\n<meta name=\"twitter:card\" content=\"summary_large_image\" \/>\n<meta name=\"twitter:label1\" content=\"Dur\u00e9e de lecture estim\u00e9e\" \/>\n\t<meta name=\"twitter:data1\" content=\"1 minute\" \/>\n<script type=\"application\/ld+json\" class=\"yoast-schema-graph\">{\"@context\":\"https:\\\/\\\/schema.org\",\"@graph\":[{\"@type\":\"WebPage\",\"@id\":\"https:\\\/\\\/www.ghidini-associati.it\\\/fr\\\/presse\\\/italia-oggi-fr\\\/\",\"url\":\"https:\\\/\\\/www.ghidini-associati.it\\\/fr\\\/presse\\\/italia-oggi-fr\\\/\",\"name\":\"Cabinet Ghidini, Girino & Associ\u00e9s: Italia Oggi 7\",\"isPartOf\":{\"@id\":\"https:\\\/\\\/www.ghidini-associati.it\\\/fr\\\/#website\"},\"datePublished\":\"2014-05-28T12:50:37+00:00\",\"dateModified\":\"2021-04-21T13:08:38+00:00\",\"description\":\"Avis sur des questions juridiques, \u00e9conomiques et financi\u00e8res dans Italia Oggi 7\",\"breadcrumb\":{\"@id\":\"https:\\\/\\\/www.ghidini-associati.it\\\/fr\\\/presse\\\/italia-oggi-fr\\\/#breadcrumb\"},\"inLanguage\":\"fr-FR\",\"potentialAction\":[{\"@type\":\"ReadAction\",\"target\":[\"https:\\\/\\\/www.ghidini-associati.it\\\/fr\\\/presse\\\/italia-oggi-fr\\\/\"]}]},{\"@type\":\"BreadcrumbList\",\"@id\":\"https:\\\/\\\/www.ghidini-associati.it\\\/fr\\\/presse\\\/italia-oggi-fr\\\/#breadcrumb\",\"itemListElement\":[{\"@type\":\"ListItem\",\"position\":1,\"name\":\"Home\",\"item\":\"https:\\\/\\\/www.ghidini-associati.it\\\/fr\\\/\"},{\"@type\":\"ListItem\",\"position\":2,\"name\":\"Presse\",\"item\":\"https:\\\/\\\/www.ghidini-associati.it\\\/fr\\\/presse\\\/\"},{\"@type\":\"ListItem\",\"position\":3,\"name\":\"Interviews\"}]},{\"@type\":\"WebSite\",\"@id\":\"https:\\\/\\\/www.ghidini-associati.it\\\/fr\\\/#website\",\"url\":\"https:\\\/\\\/www.ghidini-associati.it\\\/fr\\\/\",\"name\":\"Studio Ghidini, Girino &amp; Associati\",\"description\":\"\",\"publisher\":{\"@id\":\"https:\\\/\\\/www.ghidini-associati.it\\\/fr\\\/#organization\"},\"potentialAction\":[{\"@type\":\"SearchAction\",\"target\":{\"@type\":\"EntryPoint\",\"urlTemplate\":\"https:\\\/\\\/www.ghidini-associati.it\\\/fr\\\/?s={search_term_string}\"},\"query-input\":{\"@type\":\"PropertyValueSpecification\",\"valueRequired\":true,\"valueName\":\"search_term_string\"}}],\"inLanguage\":\"fr-FR\"},{\"@type\":\"Organization\",\"@id\":\"https:\\\/\\\/www.ghidini-associati.it\\\/fr\\\/#organization\",\"name\":\"Studio Ghidini, Girino & Associati\",\"url\":\"https:\\\/\\\/www.ghidini-associati.it\\\/fr\\\/\",\"logo\":{\"@type\":\"ImageObject\",\"inLanguage\":\"fr-FR\",\"@id\":\"https:\\\/\\\/www.ghidini-associati.it\\\/fr\\\/#\\\/schema\\\/logo\\\/image\\\/\",\"url\":\"https:\\\/\\\/www.ghidini-associati.it\\\/wp-content\\\/uploads\\\/2019\\\/02\\\/logo-trasp-small.png\",\"contentUrl\":\"https:\\\/\\\/www.ghidini-associati.it\\\/wp-content\\\/uploads\\\/2019\\\/02\\\/logo-trasp-small.png\",\"width\":450,\"height\":84,\"caption\":\"Studio Ghidini, Girino & Associati\"},\"image\":{\"@id\":\"https:\\\/\\\/www.ghidini-associati.it\\\/fr\\\/#\\\/schema\\\/logo\\\/image\\\/\"}}]}<\/script>\n<!-- \/ Yoast SEO plugin. -->","yoast_head_json":{"title":"Cabinet Ghidini, Girino & Associ\u00e9s: Italia Oggi 7","description":"Avis sur des questions juridiques, \u00e9conomiques et financi\u00e8res dans Italia Oggi 7","robots":{"index":"index","follow":"follow","max-snippet":"max-snippet:-1","max-image-preview":"max-image-preview:large","max-video-preview":"max-video-preview:-1"},"canonical":"https:\/\/www.ghidini-associati.it\/fr\/presse\/italia-oggi-fr\/","og_locale":"fr_FR","og_type":"article","og_title":"Cabinet Ghidini, Girino & Associ\u00e9s: Italia Oggi 7","og_description":"Avis sur des questions juridiques, \u00e9conomiques et financi\u00e8res dans Italia Oggi 7","og_url":"https:\/\/www.ghidini-associati.it\/fr\/presse\/italia-oggi-fr\/","og_site_name":"Studio Ghidini, Girino &amp; Associati","article_modified_time":"2021-04-21T13:08:38+00:00","twitter_card":"summary_large_image","twitter_misc":{"Dur\u00e9e de lecture estim\u00e9e":"1 minute"},"schema":{"@context":"https:\/\/schema.org","@graph":[{"@type":"WebPage","@id":"https:\/\/www.ghidini-associati.it\/fr\/presse\/italia-oggi-fr\/","url":"https:\/\/www.ghidini-associati.it\/fr\/presse\/italia-oggi-fr\/","name":"Cabinet Ghidini, Girino & Associ\u00e9s: Italia Oggi 7","isPartOf":{"@id":"https:\/\/www.ghidini-associati.it\/fr\/#website"},"datePublished":"2014-05-28T12:50:37+00:00","dateModified":"2021-04-21T13:08:38+00:00","description":"Avis sur des questions juridiques, \u00e9conomiques et financi\u00e8res dans Italia Oggi 7","breadcrumb":{"@id":"https:\/\/www.ghidini-associati.it\/fr\/presse\/italia-oggi-fr\/#breadcrumb"},"inLanguage":"fr-FR","potentialAction":[{"@type":"ReadAction","target":["https:\/\/www.ghidini-associati.it\/fr\/presse\/italia-oggi-fr\/"]}]},{"@type":"BreadcrumbList","@id":"https:\/\/www.ghidini-associati.it\/fr\/presse\/italia-oggi-fr\/#breadcrumb","itemListElement":[{"@type":"ListItem","position":1,"name":"Home","item":"https:\/\/www.ghidini-associati.it\/fr\/"},{"@type":"ListItem","position":2,"name":"Presse","item":"https:\/\/www.ghidini-associati.it\/fr\/presse\/"},{"@type":"ListItem","position":3,"name":"Interviews"}]},{"@type":"WebSite","@id":"https:\/\/www.ghidini-associati.it\/fr\/#website","url":"https:\/\/www.ghidini-associati.it\/fr\/","name":"Studio Ghidini, Girino &amp; Associati","description":"","publisher":{"@id":"https:\/\/www.ghidini-associati.it\/fr\/#organization"},"potentialAction":[{"@type":"SearchAction","target":{"@type":"EntryPoint","urlTemplate":"https:\/\/www.ghidini-associati.it\/fr\/?s={search_term_string}"},"query-input":{"@type":"PropertyValueSpecification","valueRequired":true,"valueName":"search_term_string"}}],"inLanguage":"fr-FR"},{"@type":"Organization","@id":"https:\/\/www.ghidini-associati.it\/fr\/#organization","name":"Studio Ghidini, Girino & Associati","url":"https:\/\/www.ghidini-associati.it\/fr\/","logo":{"@type":"ImageObject","inLanguage":"fr-FR","@id":"https:\/\/www.ghidini-associati.it\/fr\/#\/schema\/logo\/image\/","url":"https:\/\/www.ghidini-associati.it\/wp-content\/uploads\/2019\/02\/logo-trasp-small.png","contentUrl":"https:\/\/www.ghidini-associati.it\/wp-content\/uploads\/2019\/02\/logo-trasp-small.png","width":450,"height":84,"caption":"Studio Ghidini, Girino & Associati"},"image":{"@id":"https:\/\/www.ghidini-associati.it\/fr\/#\/schema\/logo\/image\/"}}]}},"_links":{"self":[{"href":"https:\/\/www.ghidini-associati.it\/fr\/wp-json\/wp\/v2\/pages\/574","targetHints":{"allow":["GET"]}}],"collection":[{"href":"https:\/\/www.ghidini-associati.it\/fr\/wp-json\/wp\/v2\/pages"}],"about":[{"href":"https:\/\/www.ghidini-associati.it\/fr\/wp-json\/wp\/v2\/types\/page"}],"author":[{"embeddable":true,"href":"https:\/\/www.ghidini-associati.it\/fr\/wp-json\/wp\/v2\/users\/2"}],"replies":[{"embeddable":true,"href":"https:\/\/www.ghidini-associati.it\/fr\/wp-json\/wp\/v2\/comments?post=574"}],"version-history":[{"count":0,"href":"https:\/\/www.ghidini-associati.it\/fr\/wp-json\/wp\/v2\/pages\/574\/revisions"}],"up":[{"embeddable":true,"href":"https:\/\/www.ghidini-associati.it\/fr\/wp-json\/wp\/v2\/pages\/544"}],"wp:attachment":[{"href":"https:\/\/www.ghidini-associati.it\/fr\/wp-json\/wp\/v2\/media?parent=574"}],"curies":[{"name":"wp","href":"https:\/\/api.w.org\/{rel}","templated":true}]}}