{"id":572,"date":"2014-05-28T14:43:28","date_gmt":"2014-05-28T12:43:28","guid":{"rendered":"https:\/\/www.ghidini-associati.it\/staging\/?page_id=572"},"modified":"2025-10-05T18:09:08","modified_gmt":"2025-10-05T16:09:08","slug":"corriere-sera-fr","status":"publish","type":"page","link":"https:\/\/www.ghidini-associati.it\/fr\/presse\/corriere-sera-fr\/","title":{"rendered":"Interviews"},"content":{"rendered":"<h2>Corriere della Sera<\/h2>\n<ul class=\"interviste\">\n<li>29 settembre 2025 &#8211; <a href=\"\/sala_stampa\/testata_corsera\/corriere_sera_025.pdf\" target=\"blank_\" rel=\"noopener noreferrer\">La diga digitale va difesa contro il Far West di Trump<\/a> &#8211;<\/li>\n<li>27 gennaio 2025 &#8211; <a href=\"\/sala_stampa\/testata_corsera\/corriere_sera_024.pdf\" target=\"blank_\" rel=\"noopener noreferrer\">Responsabilit\u00e0 digitali &#8211; La diga europea pu\u00f2 tenere?<\/a> &#8211;<\/li>\n<li>20 gennaio 2025 &#8211; <a href=\"\/sala_stampa\/testata_corsera\/corriere_sera_023.pdf\" target=\"blank_\" rel=\"noopener noreferrer\">Privacy e pluralismo a rischio &#8211; L&rsquo;argine rotto da Elon e Mark<\/a> &#8211;<\/li>\n<li>6 maggio 2024- <a href=\"\/sala_stampa\/testata_corsera\/corriere_sera_021.pdf\" target=\"blank_\" rel=\"noopener noreferrer\">Fake News<\/a> &#8211;<\/li>\n<li>15 gennaio 2024- <a href=\"\/sala_stampa\/testata_corsera\/corriere_sera_020.pdf\" target=\"blank_\" rel=\"noopener noreferrer\">A proposito di concorrenza: sui balneari si pu\u00f2 fare<\/a> &#8211;<\/li>\n<li>20 settembre 2023- <a href=\"\/sala_stampa\/testata_corsera\/corriere_sera_018.pdf\" target=\"blank_\" rel=\"noopener noreferrer\">Regolare l\u2019Intelligenza Artificiale: un convegno su una necessit\u00e0 indifferibile<\/a> &#8211;<\/li>\n<li>14 settembre 2023- <a href=\"\/sala_stampa\/testata_corsera\/corriere_sera_019.pdf\" target=\"blank_\" rel=\"noopener noreferrer\">Giustizia: \u00abIl pm rimanga parte imparziale\u00bb<\/a> &#8211;<\/li>\n<li>9 gennaio 2023- <a href=\"\/sala_stampa\/testata_corsera\/corriere_sera_017.pdf\" target=\"blank_\" rel=\"noopener noreferrer\">Usiamo il &lsquo;Modello Telepass&rsquo;<\/a> &#8211;<\/li>\n<li>6 gennaio 2023- <a href=\"\/sala_stampa\/testata_corsera\/corriere_sera_016.pdf\" target=\"blank_\" rel=\"noopener noreferrer\">Non c&rsquo;\u00e8 libert\u00e0 se non si \u00e8 liberi dal bisogno<\/a> &#8211;<\/li>\n<li>3 dicembre 2022- <a href=\"\/sala_stampa\/testata_corsera\/corriere_sera_015.pdf\" target=\"blank_\" rel=\"noopener noreferrer\">Universit\u00e0, quale merito dei docenti?<\/a> &#8211;<\/li>\n<li>12 ottobre 2022- <a href=\"\/sala_stampa\/testata_corsera\/corriere_sera_014.pdf\" target=\"blank_\" rel=\"noopener noreferrer\">Nuovo Governo e altre nomine<\/a> &#8211;<\/li>\n<li>23 agosto 2022- <a href=\"\/sala_stampa\/testata_corsera\/corriere_sera_013.pdf\" target=\"blank_\" rel=\"noopener noreferrer\">Democrazia da aggiornare<\/a> &#8211;<\/li>\n<li>21 febbraio 2022- <a href=\"\/sala_stampa\/testata_corsera\/corriere_sera_012.pdf\" target=\"blank_\" rel=\"noopener noreferrer\">Un Politecnico Europeo per la difesa<\/a> &#8211;<\/li>\n<li>14 dicembre 2021- <a href=\"\/sala_stampa\/testata_corsera\/corriere_sera_011.pdf\" target=\"blank_\" rel=\"noopener noreferrer\">Intelligenza Artificiale dubbi (e rischi) in Europa<\/a> &#8211;<\/li>\n<li>27 ottobre 2021- <a href=\"\/sala_stampa\/testata_corsera\/corriere_sera_010.pdf\" target=\"blank_\" rel=\"noopener noreferrer\">Intelligenza Artificiale tre trappole da evitare<\/a> &#8211;<\/li>\n<li>4 agosto 2021- <a href=\"\/sala_stampa\/testata_corsera\/corriere_sera_009.pdf\" target=\"blank_\" rel=\"noopener noreferrer\">Copyright, il decreto non va annacquato<\/a> &#8211;<\/li>\n<li>7 maggio 2021- <a href=\"\/sala_stampa\/testata_corsera\/corriere_sera_008.pdf\" target=\"blank_\" rel=\"noopener noreferrer\">La formula non basta va insegnato come usarla<\/a> &#8211;<\/li>\n<li>26 aprile 2021- <a href=\"\/sala_stampa\/testata_corsera\/corriere_sera_007.pdf\" target=\"blank_\" rel=\"noopener noreferrer\">Diritto d\u2019autore e digitale modello \u00abtelepass\u00bb <\/a> &#8211;<\/li>\n<li>15 marzo 2021- <a href=\"\/sala_stampa\/testata_corsera\/corriere_sera_006.pdf\" target=\"blank_\" rel=\"noopener noreferrer\">Brevetti e intelligenza artificiale: l\u2019Europa deve garantire trasparenza<\/a> &#8211;<\/li>\n<li>08 marzo 2021- <a href=\"\/sala_stampa\/testata_corsera\/corriere_sera_005.pdf\" target=\"blank_\" rel=\"noopener noreferrer\">Algoritmi tenerli a bada \u00e8 un\u2019arte etica<\/a> &#8211;<\/li>\n<li>23 aprile 2019 &#8211; <a href=\"\/sala_stampa\/testata_corsera\/corriere_sera_004.pdf\" target=\"blank_\" rel=\"noopener noreferrer\">Copyright Privacy e diritti, la norma c&rsquo;\u00e8 ma attenti agli stop (voluti)<\/a> &#8211;<\/li>\n<li>8 ottobre 2018 &#8211; <a href=\"\/sala_stampa\/testata_corsera\/corriere_sera_003.pdf\" target=\"blank_\" rel=\"noopener noreferrer\">Concorrenza &amp; Copyright perch\u00e9 il duello \u00e8 solo cominciato<\/a> &#8211;<\/li>\n<li>18 dicembre 2017 &#8211; <a href=\"\/sala_stampa\/testata_corsera\/corriere_sera_002.pdf\" target=\"blank_\" rel=\"noopener noreferrer\">Game Over &#8211; Facebook e Google Troppo grandi per sopportarli ?<\/a> \u2013<\/li>\n<li>12 marzo 2012 &#8211; <a href=\"\/sala_stampa\/testata_corsera\/corriere_sera_001.pdf\" target=\"blank_\" rel=\"noopener noreferrer\">Ricerca, fermare i contributi a pioggia<\/a> \u2013<\/li>\n<\/ul>\n","protected":false},"excerpt":{"rendered":"<p>Corriere della Sera 29 settembre 2025 &#8211; La diga digitale va difesa contro il Far West di Trump &#8211; 27 gennaio 2025 &#8211; Responsabilit\u00e0 digitali &#8211; La diga europea pu\u00f2 tenere? &#8211; 20 gennaio 2025 &#8211; Privacy e pluralismo a rischio &#8211; L&rsquo;argine rotto da Elon e Mark &#8211; 6 maggio 2024- Fake News &#8211;<\/p><\/div>\n<div class=\"blog-btn\"><a href=\"https:\/\/www.ghidini-associati.it\/fr\/presse\/corriere-sera-fr\/\" class=\"home-blog-btn\">Lire la suite<\/a><\/p>\n","protected":false},"author":2,"featured_media":0,"parent":544,"menu_order":0,"comment_status":"closed","ping_status":"open","template":"","meta":{"footnotes":""},"class_list":["post-572","page","type-page","status-publish","hentry"],"yoast_head":"<!-- This site is optimized with the Yoast SEO plugin v27.5 - https:\/\/yoast.com\/product\/yoast-seo-wordpress\/ -->\n<title>Cabinet Ghidini, Girino &amp; Associ\u00e9s: Corriere della Sera<\/title>\n<meta name=\"description\" content=\"Avis sur des questions juridiques, \u00e9conomiques et financi\u00e8res dans Corriere della Sera\" \/>\n<meta name=\"robots\" content=\"index, follow, max-snippet:-1, max-image-preview:large, max-video-preview:-1\" \/>\n<link rel=\"canonical\" href=\"https:\/\/www.ghidini-associati.it\/fr\/presse\/corriere-sera-fr\/\" \/>\n<meta property=\"og:locale\" content=\"fr_FR\" \/>\n<meta property=\"og:type\" content=\"article\" \/>\n<meta property=\"og:title\" content=\"Cabinet Ghidini, Girino &amp; Associ\u00e9s: Corriere della Sera\" \/>\n<meta property=\"og:description\" content=\"Avis sur des questions juridiques, \u00e9conomiques et financi\u00e8res dans Corriere della Sera\" \/>\n<meta property=\"og:url\" content=\"https:\/\/www.ghidini-associati.it\/fr\/presse\/corriere-sera-fr\/\" \/>\n<meta property=\"og:site_name\" content=\"Studio Ghidini, Girino &amp; Associati\" \/>\n<meta property=\"article:modified_time\" content=\"2025-10-05T16:09:08+00:00\" \/>\n<meta name=\"twitter:card\" content=\"summary_large_image\" \/>\n<meta name=\"twitter:label1\" content=\"Dur\u00e9e de lecture estim\u00e9e\" \/>\n\t<meta name=\"twitter:data1\" content=\"2 minutes\" \/>\n<script type=\"application\/ld+json\" class=\"yoast-schema-graph\">{\"@context\":\"https:\\\/\\\/schema.org\",\"@graph\":[{\"@type\":\"WebPage\",\"@id\":\"https:\\\/\\\/www.ghidini-associati.it\\\/fr\\\/presse\\\/corriere-sera-fr\\\/\",\"url\":\"https:\\\/\\\/www.ghidini-associati.it\\\/fr\\\/presse\\\/corriere-sera-fr\\\/\",\"name\":\"Cabinet Ghidini, Girino & Associ\u00e9s: Corriere della Sera\",\"isPartOf\":{\"@id\":\"https:\\\/\\\/www.ghidini-associati.it\\\/fr\\\/#website\"},\"datePublished\":\"2014-05-28T12:43:28+00:00\",\"dateModified\":\"2025-10-05T16:09:08+00:00\",\"description\":\"Avis sur des questions juridiques, \u00e9conomiques et financi\u00e8res dans Corriere della Sera\",\"breadcrumb\":{\"@id\":\"https:\\\/\\\/www.ghidini-associati.it\\\/fr\\\/presse\\\/corriere-sera-fr\\\/#breadcrumb\"},\"inLanguage\":\"fr-FR\",\"potentialAction\":[{\"@type\":\"ReadAction\",\"target\":[\"https:\\\/\\\/www.ghidini-associati.it\\\/fr\\\/presse\\\/corriere-sera-fr\\\/\"]}]},{\"@type\":\"BreadcrumbList\",\"@id\":\"https:\\\/\\\/www.ghidini-associati.it\\\/fr\\\/presse\\\/corriere-sera-fr\\\/#breadcrumb\",\"itemListElement\":[{\"@type\":\"ListItem\",\"position\":1,\"name\":\"Home\",\"item\":\"https:\\\/\\\/www.ghidini-associati.it\\\/fr\\\/\"},{\"@type\":\"ListItem\",\"position\":2,\"name\":\"Presse\",\"item\":\"https:\\\/\\\/www.ghidini-associati.it\\\/fr\\\/presse\\\/\"},{\"@type\":\"ListItem\",\"position\":3,\"name\":\"Interviews\"}]},{\"@type\":\"WebSite\",\"@id\":\"https:\\\/\\\/www.ghidini-associati.it\\\/fr\\\/#website\",\"url\":\"https:\\\/\\\/www.ghidini-associati.it\\\/fr\\\/\",\"name\":\"Studio Ghidini, Girino &amp; Associati\",\"description\":\"\",\"publisher\":{\"@id\":\"https:\\\/\\\/www.ghidini-associati.it\\\/fr\\\/#organization\"},\"potentialAction\":[{\"@type\":\"SearchAction\",\"target\":{\"@type\":\"EntryPoint\",\"urlTemplate\":\"https:\\\/\\\/www.ghidini-associati.it\\\/fr\\\/?s={search_term_string}\"},\"query-input\":{\"@type\":\"PropertyValueSpecification\",\"valueRequired\":true,\"valueName\":\"search_term_string\"}}],\"inLanguage\":\"fr-FR\"},{\"@type\":\"Organization\",\"@id\":\"https:\\\/\\\/www.ghidini-associati.it\\\/fr\\\/#organization\",\"name\":\"Studio Ghidini, Girino & Associati\",\"url\":\"https:\\\/\\\/www.ghidini-associati.it\\\/fr\\\/\",\"logo\":{\"@type\":\"ImageObject\",\"inLanguage\":\"fr-FR\",\"@id\":\"https:\\\/\\\/www.ghidini-associati.it\\\/fr\\\/#\\\/schema\\\/logo\\\/image\\\/\",\"url\":\"https:\\\/\\\/www.ghidini-associati.it\\\/wp-content\\\/uploads\\\/2019\\\/02\\\/logo-trasp-small.png\",\"contentUrl\":\"https:\\\/\\\/www.ghidini-associati.it\\\/wp-content\\\/uploads\\\/2019\\\/02\\\/logo-trasp-small.png\",\"width\":450,\"height\":84,\"caption\":\"Studio Ghidini, Girino & Associati\"},\"image\":{\"@id\":\"https:\\\/\\\/www.ghidini-associati.it\\\/fr\\\/#\\\/schema\\\/logo\\\/image\\\/\"}}]}<\/script>\n<!-- \/ Yoast SEO plugin. -->","yoast_head_json":{"title":"Cabinet Ghidini, Girino & Associ\u00e9s: Corriere della Sera","description":"Avis sur des questions juridiques, \u00e9conomiques et financi\u00e8res dans Corriere della Sera","robots":{"index":"index","follow":"follow","max-snippet":"max-snippet:-1","max-image-preview":"max-image-preview:large","max-video-preview":"max-video-preview:-1"},"canonical":"https:\/\/www.ghidini-associati.it\/fr\/presse\/corriere-sera-fr\/","og_locale":"fr_FR","og_type":"article","og_title":"Cabinet Ghidini, Girino & Associ\u00e9s: Corriere della Sera","og_description":"Avis sur des questions juridiques, \u00e9conomiques et financi\u00e8res dans Corriere della Sera","og_url":"https:\/\/www.ghidini-associati.it\/fr\/presse\/corriere-sera-fr\/","og_site_name":"Studio Ghidini, Girino &amp; Associati","article_modified_time":"2025-10-05T16:09:08+00:00","twitter_card":"summary_large_image","twitter_misc":{"Dur\u00e9e de lecture estim\u00e9e":"2 minutes"},"schema":{"@context":"https:\/\/schema.org","@graph":[{"@type":"WebPage","@id":"https:\/\/www.ghidini-associati.it\/fr\/presse\/corriere-sera-fr\/","url":"https:\/\/www.ghidini-associati.it\/fr\/presse\/corriere-sera-fr\/","name":"Cabinet Ghidini, Girino & Associ\u00e9s: Corriere della Sera","isPartOf":{"@id":"https:\/\/www.ghidini-associati.it\/fr\/#website"},"datePublished":"2014-05-28T12:43:28+00:00","dateModified":"2025-10-05T16:09:08+00:00","description":"Avis sur des questions juridiques, \u00e9conomiques et financi\u00e8res dans Corriere della Sera","breadcrumb":{"@id":"https:\/\/www.ghidini-associati.it\/fr\/presse\/corriere-sera-fr\/#breadcrumb"},"inLanguage":"fr-FR","potentialAction":[{"@type":"ReadAction","target":["https:\/\/www.ghidini-associati.it\/fr\/presse\/corriere-sera-fr\/"]}]},{"@type":"BreadcrumbList","@id":"https:\/\/www.ghidini-associati.it\/fr\/presse\/corriere-sera-fr\/#breadcrumb","itemListElement":[{"@type":"ListItem","position":1,"name":"Home","item":"https:\/\/www.ghidini-associati.it\/fr\/"},{"@type":"ListItem","position":2,"name":"Presse","item":"https:\/\/www.ghidini-associati.it\/fr\/presse\/"},{"@type":"ListItem","position":3,"name":"Interviews"}]},{"@type":"WebSite","@id":"https:\/\/www.ghidini-associati.it\/fr\/#website","url":"https:\/\/www.ghidini-associati.it\/fr\/","name":"Studio Ghidini, Girino &amp; Associati","description":"","publisher":{"@id":"https:\/\/www.ghidini-associati.it\/fr\/#organization"},"potentialAction":[{"@type":"SearchAction","target":{"@type":"EntryPoint","urlTemplate":"https:\/\/www.ghidini-associati.it\/fr\/?s={search_term_string}"},"query-input":{"@type":"PropertyValueSpecification","valueRequired":true,"valueName":"search_term_string"}}],"inLanguage":"fr-FR"},{"@type":"Organization","@id":"https:\/\/www.ghidini-associati.it\/fr\/#organization","name":"Studio Ghidini, Girino & Associati","url":"https:\/\/www.ghidini-associati.it\/fr\/","logo":{"@type":"ImageObject","inLanguage":"fr-FR","@id":"https:\/\/www.ghidini-associati.it\/fr\/#\/schema\/logo\/image\/","url":"https:\/\/www.ghidini-associati.it\/wp-content\/uploads\/2019\/02\/logo-trasp-small.png","contentUrl":"https:\/\/www.ghidini-associati.it\/wp-content\/uploads\/2019\/02\/logo-trasp-small.png","width":450,"height":84,"caption":"Studio Ghidini, Girino & Associati"},"image":{"@id":"https:\/\/www.ghidini-associati.it\/fr\/#\/schema\/logo\/image\/"}}]}},"_links":{"self":[{"href":"https:\/\/www.ghidini-associati.it\/fr\/wp-json\/wp\/v2\/pages\/572","targetHints":{"allow":["GET"]}}],"collection":[{"href":"https:\/\/www.ghidini-associati.it\/fr\/wp-json\/wp\/v2\/pages"}],"about":[{"href":"https:\/\/www.ghidini-associati.it\/fr\/wp-json\/wp\/v2\/types\/page"}],"author":[{"embeddable":true,"href":"https:\/\/www.ghidini-associati.it\/fr\/wp-json\/wp\/v2\/users\/2"}],"replies":[{"embeddable":true,"href":"https:\/\/www.ghidini-associati.it\/fr\/wp-json\/wp\/v2\/comments?post=572"}],"version-history":[{"count":1,"href":"https:\/\/www.ghidini-associati.it\/fr\/wp-json\/wp\/v2\/pages\/572\/revisions"}],"predecessor-version":[{"id":11251,"href":"https:\/\/www.ghidini-associati.it\/fr\/wp-json\/wp\/v2\/pages\/572\/revisions\/11251"}],"up":[{"embeddable":true,"href":"https:\/\/www.ghidini-associati.it\/fr\/wp-json\/wp\/v2\/pages\/544"}],"wp:attachment":[{"href":"https:\/\/www.ghidini-associati.it\/fr\/wp-json\/wp\/v2\/media?parent=572"}],"curies":[{"name":"wp","href":"https:\/\/api.w.org\/{rel}","templated":true}]}}