{"id":569,"date":"2014-05-28T15:02:33","date_gmt":"2014-05-28T13:02:33","guid":{"rendered":"https:\/\/www.ghidini-associati.it\/staging\/?page_id=569"},"modified":"2026-03-05T12:07:53","modified_gmt":"2026-03-05T11:07:53","slug":"autres-publications","status":"publish","type":"page","link":"https:\/\/www.ghidini-associati.it\/fr\/presse\/autres-publications\/","title":{"rendered":"Interviews"},"content":{"rendered":"<h2>Autres Publications<\/h2>\n<ul class=\"interviste\">\n<li><strong>NEXO<\/strong> \u2013 <a href=\"\/sala_stampa\/testata_altro\/nexo.pdf\" target=\"blank_\" rel=\"noopener\">Il copyright alla prova dell&rsquo;IA<\/a> \u2013 5 marzo 2026<\/li>\n<li><strong>Il Sole 24 ore<\/strong> \u2013 <a href=\"\/sala_stampa\/testata_altro\/altre-0008.pdf\" target=\"blank_\" rel=\"noopener\">Indagine del Garante sulle piattaforme digitali<\/a> \u2013 13 aprile 2021<\/li>\n<li><strong>Avvenire<\/strong> \u2013 <a href=\"\/sala_stampa\/testata_altro\/altre-0002.pdf\" target=\"blank_\" rel=\"noopener\">Fermarle si pu\u00f2. Basta cambiare una legge<\/a> \u2013 24 agosto 2011<\/li>\n<li><strong>Borsa Italiana<\/strong> \u2013 <a href=\"\/sala_stampa\/testata_altro\/altre-0003.pdf\" target=\"blank_\" rel=\"noopener\">Ghidini Girino e Ass.: Pasini e Gerli entrano nel team<\/a> \u2013 26 gennaio 2009<\/li>\n<li><strong>Libero Mercato<\/strong> \u2013 <a href=\"\/sala_stampa\/testata_altro\/altre-0004.pdf\" target=\"blank_\" rel=\"noopener\">L&rsquo;eccesso di Informazioni? Un boomerang per i clienti<\/a> \u2013 30 ottobre 2008<\/li>\n<li><strong>Libero Mercato<\/strong> \u2013 <a href=\"\/sala_stampa\/testata_altro\/altre-0005.pdf\" target=\"blank_\" rel=\"noopener\">Dai Covered Bond nuove opportunit\u00e0<\/a> \u2013 19 settembre 2007<\/li>\n<li><strong>Economy<\/strong> \u2013 <a href=\"\/sala_stampa\/testata_altro\/altre-0007.pdf\" target=\"blank_\" rel=\"noopener\"> I derivati, che delusione<\/a> \u2013 2 agosto 2007<\/li>\n<li><strong>Libero Mercato<\/strong> \u2013 <a href=\"\/sala_stampa\/testata_altro\/altre-0006.pdf\" target=\"blank_\" rel=\"noopener\">Le imprese possono invocare la nullita dei contratti<\/a> \u2013 2 agosto 2007<\/li>\n<\/ul>\n","protected":false},"excerpt":{"rendered":"<p>Autres Publications NEXO \u2013 Il copyright alla prova dell&rsquo;IA \u2013 5 marzo 2026 Il Sole 24 ore \u2013 Indagine del Garante sulle piattaforme digitali \u2013 13 aprile 2021 Avvenire \u2013 Fermarle si pu\u00f2. Basta cambiare una legge \u2013 24 agosto 2011 Borsa Italiana \u2013 Ghidini Girino e Ass.: Pasini e Gerli entrano nel team \u2013<\/p><\/div>\n<div class=\"blog-btn\"><a href=\"https:\/\/www.ghidini-associati.it\/fr\/presse\/autres-publications\/\" class=\"home-blog-btn\">Lire la suite<\/a><\/p>\n","protected":false},"author":2,"featured_media":0,"parent":544,"menu_order":0,"comment_status":"closed","ping_status":"open","template":"","meta":{"footnotes":""},"class_list":["post-569","page","type-page","status-publish","hentry"],"yoast_head":"<!-- This site is optimized with the Yoast SEO plugin v27.5 - https:\/\/yoast.com\/product\/yoast-seo-wordpress\/ -->\n<title>Cabinet Ghidini, Girino &amp; Associ\u00e9s: Autres Publications<\/title>\n<meta name=\"description\" content=\"Avis sur des questions juridiques, \u00e9conomiques et financi\u00e8res dans autres publications\" \/>\n<meta name=\"robots\" content=\"index, follow, max-snippet:-1, max-image-preview:large, max-video-preview:-1\" \/>\n<link rel=\"canonical\" href=\"https:\/\/www.ghidini-associati.it\/fr\/presse\/autres-publications\/\" \/>\n<meta property=\"og:locale\" content=\"fr_FR\" \/>\n<meta property=\"og:type\" content=\"article\" \/>\n<meta property=\"og:title\" content=\"Cabinet Ghidini, Girino &amp; Associ\u00e9s: Autres Publications\" \/>\n<meta property=\"og:description\" content=\"Avis sur des questions juridiques, \u00e9conomiques et financi\u00e8res dans autres publications\" \/>\n<meta property=\"og:url\" content=\"https:\/\/www.ghidini-associati.it\/fr\/presse\/autres-publications\/\" \/>\n<meta property=\"og:site_name\" content=\"Studio Ghidini, Girino &amp; Associati\" \/>\n<meta property=\"article:modified_time\" content=\"2026-03-05T11:07:53+00:00\" \/>\n<meta name=\"twitter:card\" content=\"summary_large_image\" \/>\n<meta name=\"twitter:label1\" content=\"Dur\u00e9e de lecture estim\u00e9e\" \/>\n\t<meta name=\"twitter:data1\" content=\"1 minute\" \/>\n<script type=\"application\/ld+json\" class=\"yoast-schema-graph\">{\"@context\":\"https:\\\/\\\/schema.org\",\"@graph\":[{\"@type\":\"WebPage\",\"@id\":\"https:\\\/\\\/www.ghidini-associati.it\\\/fr\\\/presse\\\/autres-publications\\\/\",\"url\":\"https:\\\/\\\/www.ghidini-associati.it\\\/fr\\\/presse\\\/autres-publications\\\/\",\"name\":\"Cabinet Ghidini, Girino & Associ\u00e9s: Autres Publications\",\"isPartOf\":{\"@id\":\"https:\\\/\\\/www.ghidini-associati.it\\\/fr\\\/#website\"},\"datePublished\":\"2014-05-28T13:02:33+00:00\",\"dateModified\":\"2026-03-05T11:07:53+00:00\",\"description\":\"Avis sur des questions juridiques, \u00e9conomiques et financi\u00e8res dans autres publications\",\"breadcrumb\":{\"@id\":\"https:\\\/\\\/www.ghidini-associati.it\\\/fr\\\/presse\\\/autres-publications\\\/#breadcrumb\"},\"inLanguage\":\"fr-FR\",\"potentialAction\":[{\"@type\":\"ReadAction\",\"target\":[\"https:\\\/\\\/www.ghidini-associati.it\\\/fr\\\/presse\\\/autres-publications\\\/\"]}]},{\"@type\":\"BreadcrumbList\",\"@id\":\"https:\\\/\\\/www.ghidini-associati.it\\\/fr\\\/presse\\\/autres-publications\\\/#breadcrumb\",\"itemListElement\":[{\"@type\":\"ListItem\",\"position\":1,\"name\":\"Home\",\"item\":\"https:\\\/\\\/www.ghidini-associati.it\\\/fr\\\/\"},{\"@type\":\"ListItem\",\"position\":2,\"name\":\"Presse\",\"item\":\"https:\\\/\\\/www.ghidini-associati.it\\\/fr\\\/presse\\\/\"},{\"@type\":\"ListItem\",\"position\":3,\"name\":\"Interviews\"}]},{\"@type\":\"WebSite\",\"@id\":\"https:\\\/\\\/www.ghidini-associati.it\\\/fr\\\/#website\",\"url\":\"https:\\\/\\\/www.ghidini-associati.it\\\/fr\\\/\",\"name\":\"Studio Ghidini, Girino &amp; Associati\",\"description\":\"\",\"publisher\":{\"@id\":\"https:\\\/\\\/www.ghidini-associati.it\\\/fr\\\/#organization\"},\"potentialAction\":[{\"@type\":\"SearchAction\",\"target\":{\"@type\":\"EntryPoint\",\"urlTemplate\":\"https:\\\/\\\/www.ghidini-associati.it\\\/fr\\\/?s={search_term_string}\"},\"query-input\":{\"@type\":\"PropertyValueSpecification\",\"valueRequired\":true,\"valueName\":\"search_term_string\"}}],\"inLanguage\":\"fr-FR\"},{\"@type\":\"Organization\",\"@id\":\"https:\\\/\\\/www.ghidini-associati.it\\\/fr\\\/#organization\",\"name\":\"Studio Ghidini, Girino & Associati\",\"url\":\"https:\\\/\\\/www.ghidini-associati.it\\\/fr\\\/\",\"logo\":{\"@type\":\"ImageObject\",\"inLanguage\":\"fr-FR\",\"@id\":\"https:\\\/\\\/www.ghidini-associati.it\\\/fr\\\/#\\\/schema\\\/logo\\\/image\\\/\",\"url\":\"https:\\\/\\\/www.ghidini-associati.it\\\/wp-content\\\/uploads\\\/2019\\\/02\\\/logo-trasp-small.png\",\"contentUrl\":\"https:\\\/\\\/www.ghidini-associati.it\\\/wp-content\\\/uploads\\\/2019\\\/02\\\/logo-trasp-small.png\",\"width\":450,\"height\":84,\"caption\":\"Studio Ghidini, Girino & Associati\"},\"image\":{\"@id\":\"https:\\\/\\\/www.ghidini-associati.it\\\/fr\\\/#\\\/schema\\\/logo\\\/image\\\/\"}}]}<\/script>\n<!-- \/ Yoast SEO plugin. -->","yoast_head_json":{"title":"Cabinet Ghidini, Girino & Associ\u00e9s: Autres Publications","description":"Avis sur des questions juridiques, \u00e9conomiques et financi\u00e8res dans autres publications","robots":{"index":"index","follow":"follow","max-snippet":"max-snippet:-1","max-image-preview":"max-image-preview:large","max-video-preview":"max-video-preview:-1"},"canonical":"https:\/\/www.ghidini-associati.it\/fr\/presse\/autres-publications\/","og_locale":"fr_FR","og_type":"article","og_title":"Cabinet Ghidini, Girino & Associ\u00e9s: Autres Publications","og_description":"Avis sur des questions juridiques, \u00e9conomiques et financi\u00e8res dans autres publications","og_url":"https:\/\/www.ghidini-associati.it\/fr\/presse\/autres-publications\/","og_site_name":"Studio Ghidini, Girino &amp; Associati","article_modified_time":"2026-03-05T11:07:53+00:00","twitter_card":"summary_large_image","twitter_misc":{"Dur\u00e9e de lecture estim\u00e9e":"1 minute"},"schema":{"@context":"https:\/\/schema.org","@graph":[{"@type":"WebPage","@id":"https:\/\/www.ghidini-associati.it\/fr\/presse\/autres-publications\/","url":"https:\/\/www.ghidini-associati.it\/fr\/presse\/autres-publications\/","name":"Cabinet Ghidini, Girino & Associ\u00e9s: Autres Publications","isPartOf":{"@id":"https:\/\/www.ghidini-associati.it\/fr\/#website"},"datePublished":"2014-05-28T13:02:33+00:00","dateModified":"2026-03-05T11:07:53+00:00","description":"Avis sur des questions juridiques, \u00e9conomiques et financi\u00e8res dans autres publications","breadcrumb":{"@id":"https:\/\/www.ghidini-associati.it\/fr\/presse\/autres-publications\/#breadcrumb"},"inLanguage":"fr-FR","potentialAction":[{"@type":"ReadAction","target":["https:\/\/www.ghidini-associati.it\/fr\/presse\/autres-publications\/"]}]},{"@type":"BreadcrumbList","@id":"https:\/\/www.ghidini-associati.it\/fr\/presse\/autres-publications\/#breadcrumb","itemListElement":[{"@type":"ListItem","position":1,"name":"Home","item":"https:\/\/www.ghidini-associati.it\/fr\/"},{"@type":"ListItem","position":2,"name":"Presse","item":"https:\/\/www.ghidini-associati.it\/fr\/presse\/"},{"@type":"ListItem","position":3,"name":"Interviews"}]},{"@type":"WebSite","@id":"https:\/\/www.ghidini-associati.it\/fr\/#website","url":"https:\/\/www.ghidini-associati.it\/fr\/","name":"Studio Ghidini, Girino &amp; Associati","description":"","publisher":{"@id":"https:\/\/www.ghidini-associati.it\/fr\/#organization"},"potentialAction":[{"@type":"SearchAction","target":{"@type":"EntryPoint","urlTemplate":"https:\/\/www.ghidini-associati.it\/fr\/?s={search_term_string}"},"query-input":{"@type":"PropertyValueSpecification","valueRequired":true,"valueName":"search_term_string"}}],"inLanguage":"fr-FR"},{"@type":"Organization","@id":"https:\/\/www.ghidini-associati.it\/fr\/#organization","name":"Studio Ghidini, Girino & Associati","url":"https:\/\/www.ghidini-associati.it\/fr\/","logo":{"@type":"ImageObject","inLanguage":"fr-FR","@id":"https:\/\/www.ghidini-associati.it\/fr\/#\/schema\/logo\/image\/","url":"https:\/\/www.ghidini-associati.it\/wp-content\/uploads\/2019\/02\/logo-trasp-small.png","contentUrl":"https:\/\/www.ghidini-associati.it\/wp-content\/uploads\/2019\/02\/logo-trasp-small.png","width":450,"height":84,"caption":"Studio Ghidini, Girino & Associati"},"image":{"@id":"https:\/\/www.ghidini-associati.it\/fr\/#\/schema\/logo\/image\/"}}]}},"_links":{"self":[{"href":"https:\/\/www.ghidini-associati.it\/fr\/wp-json\/wp\/v2\/pages\/569","targetHints":{"allow":["GET"]}}],"collection":[{"href":"https:\/\/www.ghidini-associati.it\/fr\/wp-json\/wp\/v2\/pages"}],"about":[{"href":"https:\/\/www.ghidini-associati.it\/fr\/wp-json\/wp\/v2\/types\/page"}],"author":[{"embeddable":true,"href":"https:\/\/www.ghidini-associati.it\/fr\/wp-json\/wp\/v2\/users\/2"}],"replies":[{"embeddable":true,"href":"https:\/\/www.ghidini-associati.it\/fr\/wp-json\/wp\/v2\/comments?post=569"}],"version-history":[{"count":1,"href":"https:\/\/www.ghidini-associati.it\/fr\/wp-json\/wp\/v2\/pages\/569\/revisions"}],"predecessor-version":[{"id":11711,"href":"https:\/\/www.ghidini-associati.it\/fr\/wp-json\/wp\/v2\/pages\/569\/revisions\/11711"}],"up":[{"embeddable":true,"href":"https:\/\/www.ghidini-associati.it\/fr\/wp-json\/wp\/v2\/pages\/544"}],"wp:attachment":[{"href":"https:\/\/www.ghidini-associati.it\/fr\/wp-json\/wp\/v2\/media?parent=569"}],"curies":[{"name":"wp","href":"https:\/\/api.w.org\/{rel}","templated":true}]}}