{"id":544,"date":"2014-05-28T14:37:41","date_gmt":"2014-05-28T12:37:41","guid":{"rendered":"https:\/\/www.ghidini-associati.it\/staging\/?page_id=544"},"modified":"2023-01-30T15:30:00","modified_gmt":"2023-01-30T14:30:00","slug":"presse","status":"publish","type":"page","link":"https:\/\/www.ghidini-associati.it\/fr\/presse\/","title":{"rendered":"Presse"},"content":{"rendered":"<h2>Colonnes<\/h2>\n<ul>\n<li><a title=\"Colonne \u2018Considerazioni Inattuali\u2019\" href=\"\/fr\/presse\/colonne-considerazioni-inattuali\/\">&lsquo;CONSIDERAZIONI INATTUALI&rsquo;<\/a><br \/>\nChronique mensuelle dans l&rsquo;hebdomadaire Milano Finanza. Les professionnels de la firme d&rsquo;exprimer leurs points de vue critiques sur actualit\u00e9 \u00e9conomique et financi\u00e8re.<\/li>\n<\/ul>\n<ul>\n<li><a title=\"Colonne \u2018Ferri del Mestiere\u2019\" href=\"\/fr\/presse\/colonne-ferri-mestiere\/\">&lsquo;FERRI DEL MESTIERE&rsquo;<\/a><br \/>\nChronique mensuelle dans l&rsquo;hebdomadaire Milano Finanza. Les professionnels de la firme adresse probl\u00e8mes de nouvelles applications et disciplines d\u00e9coulant de d\u00e9cisions de justice les plus r\u00e9cents impliquant le monde des affaires sugg\u00e9rant solution technique cl\u00e9.<\/li>\n<\/ul>\n<h2>Communiqu\u00e9s de Presse<\/h2>\n<ul>\n<li><a href=\"\/news-comunicati\/comunicato_001_2019.pdf\" target=\"_blank\" rel=\"nofollow noopener noreferrer\">Comunicato Stampa &#8211; Partecipazione del Prof. Avv. Gustavo Ghidini alle audizioni della X Commissione della Camera dei Deputati<\/a><\/li>\n<li><a href=\"\/news-comunicati\/comunicato_001_2015.pdf\" target=\"_blank\" rel=\"nofollow noopener noreferrer\">Comunicato Stampa &#8211; La Vigna di Leonardo nel giardino di Casa degli Atellani<\/a><\/li>\n<\/ul>\n<h2>Autres articles et interviews de presse<\/h2>\n<ul>\n<li><a title=\"Milano Finanza\" href=\"\/fr\/presse\/milano-finanza-fr\/\">Milano Finanza<\/a><\/li>\n<li><a title=\"Corriere della Sera\" href=\"\/fr\/presse\/corriere-sera-fr\/\">Corriere della Sera<\/a><\/li>\n<li><a title=\"Italia Oggi 7\" href=\"\/fr\/presse\/italia-oggi-fr\/\">Italia Oggi<\/a><\/li>\n<li><a title=\"Autres Publications\" href=\"\/fr\/presse\/autres-publications\/\">Autres Publications<\/a><\/li>\n<\/ul>\n<h2>TV interviews et PODCAST<\/h2>\n<ul>\n<li><a href=\"https:\/\/www.spreaker.com\/user\/12320315\/marco-mergati-segreti-commerciali\" target=\"_blank\" rel=\"nofollow noopener noreferrer\">Know-how e segreti commerciali: cosa sapere e come tutelarsi &#8211; 20 gennaio 2022<\/a><\/li>\n<li><a href=\"https:\/\/www.striscialanotizia.mediaset.it\/video\/i-vaccini-scarseggiano-ma-una-soluzione-ci-sarebbe_72376.shtml\" target=\"_blank\" rel=\"nofollow noopener noreferrer\">Striscialanotizia &#8211; Vaccini, l\u2019opzione dell\u2019esproprio \u2013 Gustavo Ghidini spiega cosa prevede la legge &#8211; 26 aprile 2021<\/a><\/li>\n<li><a href=\"https:\/\/www.youtube.com\/watch?v=wTl3RpIA3fo\" target=\"_blank\" rel=\"nofollow noopener noreferrer\">Class Tv CNBC &#8211; Sotto la lente 15 giugno 2015 <\/a><\/li>\n<li><a href=\"https:\/\/www.youtube.com\/watch?v=EwMmGgqjHeE\" target=\"_blank\" rel=\"nofollow noopener noreferrer\">Class Tv CNBC &#8211; Solidit\u00e0 del sistema bancario italiano e ostacoli europei<\/a><\/li>\n<li><a href=\"https:\/\/www.youtube.com\/watch?v=SssNBFmaK3I\" target=\"_blank\" rel=\"nofollow noopener noreferrer\">No Grexit, franco svizzero e quantitative easing: come cambia lo scacchiere finanziario europeo<\/a><\/li>\n<li><a href=\"https:\/\/www.youtube.com\/watch?v=tG1WBaV1lpg\" target=\"_blank\" rel=\"nofollow noopener noreferrer\">Class Tv CNBC &#8211; Sotto la Lente 3 novembre 2014<\/a><\/li>\n<li><a href=\"https:\/\/www.youtube.com\/watch?v=i32oHbfqUmA\" target=\"_blank\" rel=\"nofollow noopener noreferrer\">Speciale Class Tv CNBC 16 maggio 2014 &#8211; Euro: fuori o dentro?<\/a><\/li>\n<li><a href=\"https:\/\/www.youtube.com\/watch?v=8xfQiSV70TU\" target=\"_blank\" rel=\"nofollow noopener noreferrer\">Speciale Linea Mercati 5 marzo 2014 &#8211; Prospettive di ripresa<\/a><\/li>\n<li><a href=\"https:\/\/www.youtube.com\/watch?v=0N0SiyYpRk4\" target=\"_blank\" rel=\"nofollow noopener noreferrer\">Class Tv CNBC &#8211; Linea Mercati 04.11.13 &#8211; intervista a Emilio Girino<\/a><\/li>\n<li><a href=\"https:\/\/www.youtube.com\/watch?v=aEbKKEgkV4w\" target=\"_blank\" rel=\"nofollow noopener noreferrer\">Linea Mercati Class Tv CNBC 28 giugno 2013 &#8211; Divisioni nell&rsquo;Eurozona e Fiscal compact <\/a><\/li>\n<li><a href=\"https:\/\/www.youtube.com\/watch?v=NtKgn2AZkU0\" target=\"_blank\" rel=\"nofollow noopener noreferrer\">Class Tv CNBC &#8211; Crisi politica, instabilit\u00e0 dei mercati, pressione fiscale, recessione, vie d&rsquo;uscita<\/a><\/li>\n<li><a href=\"https:\/\/www.youtube.com\/watch?v=ACBbZOLQRjs\" target=\"_blank\" rel=\"nofollow noopener noreferrer\">Crisi Euro: cosa cambia dopo il via libera all&rsquo;ESM e le azioni della BCE<\/a><\/li>\n<li><a href=\"https:\/\/www.youtube.com\/watch?v=XwWknhBq6tA\" target=\"_blank\" rel=\"nofollow noopener noreferrer\">Class Tv CNBC &#8211; Linea Mercati 27.07.2012 &#8211; Crisi Euro &#8211; Emilio Girino &#8211; prima parte &#8211; <\/a><\/li>\n<li><a href=\"https:\/\/www.youtube.com\/watch?v=IsVAp1wj9bk\" target=\"_blank\" rel=\"nofollow noopener noreferrer\">Class Tv CNBC &#8211; Linea Mercati 27.07.2012 &#8211; Crisi Euro &#8211; Emilio Girino &#8211; seconda parte &#8211; <\/a><\/li>\n<li><a href=\"https:\/\/www.youtube.com\/watch?v=udS0OfnU6s4\" target=\"_blank\" rel=\"nofollow noopener noreferrer\">Speciale Class CNBC &#8211; Commento alla Relazione Consob 2012<\/a><\/li>\n<li><a href=\"http:\/\/www.youtube.com\/watch?v=cJAfLhDou2Y\" target=\"_blank\" rel=\"nofollow noopener noreferrer\">Linea Mercati 29 febbraio 2012 &#8211; Prima parte<\/a><\/li>\n<li><a href=\"http:\/\/www.youtube.com\/watch?v=ZLRLZVAI3ks\" target=\"_blank\" rel=\"nofollow noopener noreferrer\">Linea Mercati 29 febbraio 2012 &#8211; Seconda parte<\/a><\/li>\n<li><a href=\"http:\/\/www.youtube.com\/watch?v=S8cyqfpI_nM\" target=\"_blank\" rel=\"nofollow noopener noreferrer\">Class TV CNBC &#8211; Speciale CDS (credit default swap) e speculazione &#8211; Agosto 2011<\/a><\/li>\n<li><a href=\"http:\/\/www.youtube.com\/watch?v=TFr9E9_Mc28\" target=\"_blank\" rel=\"nofollow noopener noreferrer\">Speciale Class Tv CNBC &#8211; Quale futuro per i derivati finanziari?<\/a><\/li>\n<li><a href=\"http:\/\/www.youtube.com\/watch?v=zIg6frvXIss\" target=\"_blank\" rel=\"nofollow noopener noreferrer\">Class Tv CNBC &#8211; Report 6 agosto 2008 &#8211; Crisi dei mercati pre Lehman Bros<\/a><\/li>\n<li><a href=\"http:\/\/www.youtube.com\/watch?v=JxeNs5adEtU\" target=\"_blank\" rel=\"nofollow noopener noreferrer\">Class Tv CNBC &#8211; Report 28 agosto 2008 &#8211; Alitalia, quali misure per gli azionisti?<\/a><\/li>\n<\/ul>\n","protected":false},"excerpt":{"rendered":"<p>Colonnes &lsquo;CONSIDERAZIONI INATTUALI&rsquo; Chronique mensuelle dans l&rsquo;hebdomadaire Milano Finanza. Les professionnels de la firme d&rsquo;exprimer leurs points de vue critiques sur actualit\u00e9 \u00e9conomique et financi\u00e8re. &lsquo;FERRI DEL MESTIERE&rsquo; Chronique mensuelle dans l&rsquo;hebdomadaire Milano Finanza. Les professionnels de la firme adresse probl\u00e8mes de nouvelles applications et disciplines d\u00e9coulant de d\u00e9cisions de justice les plus r\u00e9cents impliquant<\/p><\/div>\n<div class=\"blog-btn\"><a href=\"https:\/\/www.ghidini-associati.it\/fr\/presse\/\" class=\"home-blog-btn\">Lire la suite<\/a><\/p>\n","protected":false},"author":2,"featured_media":0,"parent":0,"menu_order":0,"comment_status":"closed","ping_status":"open","template":"","meta":{"footnotes":""},"class_list":["post-544","page","type-page","status-publish","hentry"],"yoast_head":"<!-- This site is optimized with the Yoast SEO plugin v27.5 - https:\/\/yoast.com\/product\/yoast-seo-wordpress\/ -->\n<title>Cabinet Ghidini, Girino &amp; Associ\u00e9s: Presse<\/title>\n<meta name=\"description\" content=\"Avis sur des questions juridiques, \u00e9conomiques et financi\u00e8res dans les principaux journaux nationaux.\" \/>\n<meta name=\"robots\" content=\"index, follow, max-snippet:-1, max-image-preview:large, max-video-preview:-1\" \/>\n<link rel=\"canonical\" href=\"https:\/\/www.ghidini-associati.it\/fr\/presse\/\" \/>\n<meta property=\"og:locale\" content=\"fr_FR\" \/>\n<meta property=\"og:type\" content=\"article\" \/>\n<meta property=\"og:title\" content=\"Cabinet Ghidini, Girino &amp; Associ\u00e9s: Presse\" \/>\n<meta property=\"og:description\" content=\"Avis sur des questions juridiques, \u00e9conomiques et financi\u00e8res dans les principaux journaux nationaux.\" \/>\n<meta property=\"og:url\" content=\"https:\/\/www.ghidini-associati.it\/fr\/presse\/\" \/>\n<meta property=\"og:site_name\" content=\"Studio Ghidini, Girino &amp; Associati\" \/>\n<meta property=\"article:modified_time\" content=\"2023-01-30T14:30:00+00:00\" \/>\n<meta name=\"twitter:card\" content=\"summary_large_image\" \/>\n<meta name=\"twitter:label1\" content=\"Dur\u00e9e de lecture estim\u00e9e\" \/>\n\t<meta name=\"twitter:data1\" content=\"2 minutes\" \/>\n<script type=\"application\/ld+json\" class=\"yoast-schema-graph\">{\"@context\":\"https:\\\/\\\/schema.org\",\"@graph\":[{\"@type\":\"WebPage\",\"@id\":\"https:\\\/\\\/www.ghidini-associati.it\\\/fr\\\/presse\\\/\",\"url\":\"https:\\\/\\\/www.ghidini-associati.it\\\/fr\\\/presse\\\/\",\"name\":\"Cabinet Ghidini, Girino & Associ\u00e9s: Presse\",\"isPartOf\":{\"@id\":\"https:\\\/\\\/www.ghidini-associati.it\\\/fr\\\/#website\"},\"datePublished\":\"2014-05-28T12:37:41+00:00\",\"dateModified\":\"2023-01-30T14:30:00+00:00\",\"description\":\"Avis sur des questions juridiques, \u00e9conomiques et financi\u00e8res dans les principaux journaux nationaux.\",\"breadcrumb\":{\"@id\":\"https:\\\/\\\/www.ghidini-associati.it\\\/fr\\\/presse\\\/#breadcrumb\"},\"inLanguage\":\"fr-FR\",\"potentialAction\":[{\"@type\":\"ReadAction\",\"target\":[\"https:\\\/\\\/www.ghidini-associati.it\\\/fr\\\/presse\\\/\"]}]},{\"@type\":\"BreadcrumbList\",\"@id\":\"https:\\\/\\\/www.ghidini-associati.it\\\/fr\\\/presse\\\/#breadcrumb\",\"itemListElement\":[{\"@type\":\"ListItem\",\"position\":1,\"name\":\"Home\",\"item\":\"https:\\\/\\\/www.ghidini-associati.it\\\/fr\\\/\"},{\"@type\":\"ListItem\",\"position\":2,\"name\":\"Presse\"}]},{\"@type\":\"WebSite\",\"@id\":\"https:\\\/\\\/www.ghidini-associati.it\\\/fr\\\/#website\",\"url\":\"https:\\\/\\\/www.ghidini-associati.it\\\/fr\\\/\",\"name\":\"Studio Ghidini, Girino &amp; Associati\",\"description\":\"\",\"publisher\":{\"@id\":\"https:\\\/\\\/www.ghidini-associati.it\\\/fr\\\/#organization\"},\"potentialAction\":[{\"@type\":\"SearchAction\",\"target\":{\"@type\":\"EntryPoint\",\"urlTemplate\":\"https:\\\/\\\/www.ghidini-associati.it\\\/fr\\\/?s={search_term_string}\"},\"query-input\":{\"@type\":\"PropertyValueSpecification\",\"valueRequired\":true,\"valueName\":\"search_term_string\"}}],\"inLanguage\":\"fr-FR\"},{\"@type\":\"Organization\",\"@id\":\"https:\\\/\\\/www.ghidini-associati.it\\\/fr\\\/#organization\",\"name\":\"Studio Ghidini, Girino & Associati\",\"url\":\"https:\\\/\\\/www.ghidini-associati.it\\\/fr\\\/\",\"logo\":{\"@type\":\"ImageObject\",\"inLanguage\":\"fr-FR\",\"@id\":\"https:\\\/\\\/www.ghidini-associati.it\\\/fr\\\/#\\\/schema\\\/logo\\\/image\\\/\",\"url\":\"https:\\\/\\\/www.ghidini-associati.it\\\/wp-content\\\/uploads\\\/2019\\\/02\\\/logo-trasp-small.png\",\"contentUrl\":\"https:\\\/\\\/www.ghidini-associati.it\\\/wp-content\\\/uploads\\\/2019\\\/02\\\/logo-trasp-small.png\",\"width\":450,\"height\":84,\"caption\":\"Studio Ghidini, Girino & Associati\"},\"image\":{\"@id\":\"https:\\\/\\\/www.ghidini-associati.it\\\/fr\\\/#\\\/schema\\\/logo\\\/image\\\/\"}}]}<\/script>\n<!-- \/ Yoast SEO plugin. -->","yoast_head_json":{"title":"Cabinet Ghidini, Girino & Associ\u00e9s: Presse","description":"Avis sur des questions juridiques, \u00e9conomiques et financi\u00e8res dans les principaux journaux nationaux.","robots":{"index":"index","follow":"follow","max-snippet":"max-snippet:-1","max-image-preview":"max-image-preview:large","max-video-preview":"max-video-preview:-1"},"canonical":"https:\/\/www.ghidini-associati.it\/fr\/presse\/","og_locale":"fr_FR","og_type":"article","og_title":"Cabinet Ghidini, Girino & Associ\u00e9s: Presse","og_description":"Avis sur des questions juridiques, \u00e9conomiques et financi\u00e8res dans les principaux journaux nationaux.","og_url":"https:\/\/www.ghidini-associati.it\/fr\/presse\/","og_site_name":"Studio Ghidini, Girino &amp; Associati","article_modified_time":"2023-01-30T14:30:00+00:00","twitter_card":"summary_large_image","twitter_misc":{"Dur\u00e9e de lecture estim\u00e9e":"2 minutes"},"schema":{"@context":"https:\/\/schema.org","@graph":[{"@type":"WebPage","@id":"https:\/\/www.ghidini-associati.it\/fr\/presse\/","url":"https:\/\/www.ghidini-associati.it\/fr\/presse\/","name":"Cabinet Ghidini, Girino & Associ\u00e9s: Presse","isPartOf":{"@id":"https:\/\/www.ghidini-associati.it\/fr\/#website"},"datePublished":"2014-05-28T12:37:41+00:00","dateModified":"2023-01-30T14:30:00+00:00","description":"Avis sur des questions juridiques, \u00e9conomiques et financi\u00e8res dans les principaux journaux nationaux.","breadcrumb":{"@id":"https:\/\/www.ghidini-associati.it\/fr\/presse\/#breadcrumb"},"inLanguage":"fr-FR","potentialAction":[{"@type":"ReadAction","target":["https:\/\/www.ghidini-associati.it\/fr\/presse\/"]}]},{"@type":"BreadcrumbList","@id":"https:\/\/www.ghidini-associati.it\/fr\/presse\/#breadcrumb","itemListElement":[{"@type":"ListItem","position":1,"name":"Home","item":"https:\/\/www.ghidini-associati.it\/fr\/"},{"@type":"ListItem","position":2,"name":"Presse"}]},{"@type":"WebSite","@id":"https:\/\/www.ghidini-associati.it\/fr\/#website","url":"https:\/\/www.ghidini-associati.it\/fr\/","name":"Studio Ghidini, Girino &amp; Associati","description":"","publisher":{"@id":"https:\/\/www.ghidini-associati.it\/fr\/#organization"},"potentialAction":[{"@type":"SearchAction","target":{"@type":"EntryPoint","urlTemplate":"https:\/\/www.ghidini-associati.it\/fr\/?s={search_term_string}"},"query-input":{"@type":"PropertyValueSpecification","valueRequired":true,"valueName":"search_term_string"}}],"inLanguage":"fr-FR"},{"@type":"Organization","@id":"https:\/\/www.ghidini-associati.it\/fr\/#organization","name":"Studio Ghidini, Girino & Associati","url":"https:\/\/www.ghidini-associati.it\/fr\/","logo":{"@type":"ImageObject","inLanguage":"fr-FR","@id":"https:\/\/www.ghidini-associati.it\/fr\/#\/schema\/logo\/image\/","url":"https:\/\/www.ghidini-associati.it\/wp-content\/uploads\/2019\/02\/logo-trasp-small.png","contentUrl":"https:\/\/www.ghidini-associati.it\/wp-content\/uploads\/2019\/02\/logo-trasp-small.png","width":450,"height":84,"caption":"Studio Ghidini, Girino & Associati"},"image":{"@id":"https:\/\/www.ghidini-associati.it\/fr\/#\/schema\/logo\/image\/"}}]}},"_links":{"self":[{"href":"https:\/\/www.ghidini-associati.it\/fr\/wp-json\/wp\/v2\/pages\/544","targetHints":{"allow":["GET"]}}],"collection":[{"href":"https:\/\/www.ghidini-associati.it\/fr\/wp-json\/wp\/v2\/pages"}],"about":[{"href":"https:\/\/www.ghidini-associati.it\/fr\/wp-json\/wp\/v2\/types\/page"}],"author":[{"embeddable":true,"href":"https:\/\/www.ghidini-associati.it\/fr\/wp-json\/wp\/v2\/users\/2"}],"replies":[{"embeddable":true,"href":"https:\/\/www.ghidini-associati.it\/fr\/wp-json\/wp\/v2\/comments?post=544"}],"version-history":[{"count":0,"href":"https:\/\/www.ghidini-associati.it\/fr\/wp-json\/wp\/v2\/pages\/544\/revisions"}],"wp:attachment":[{"href":"https:\/\/www.ghidini-associati.it\/fr\/wp-json\/wp\/v2\/media?parent=544"}],"curies":[{"name":"wp","href":"https:\/\/api.w.org\/{rel}","templated":true}]}}