{"id":298,"date":"2014-05-24T11:28:20","date_gmt":"2014-05-24T09:28:20","guid":{"rendered":"https:\/\/www.ghidini-associati.it\/staging\/?page_id=298"},"modified":"2021-01-26T16:11:18","modified_gmt":"2021-01-26T15:11:18","slug":"circulaires","status":"publish","type":"page","link":"https:\/\/www.ghidini-associati.it\/fr\/circulaires\/","title":{"rendered":"Le Circulaires"},"content":{"rendered":"<h2>Les archives circulaires<\/h2>\n<p>Lors d&rsquo;\u00e9v\u00e9nements normatifs d&rsquo;une importance particuli\u00e8re et li\u00e9s aux secteurs relevant de la comp\u00e9tence de ses avocats, le Cabinet r\u00e9dige des circulaires d&rsquo;information r\u00e9serv\u00e9es \u00e0 ses propres clients et correspondants et \u00e0 toute personne en faisant la demande. Les circulaires (qui ne sont pas des avis juridiques) sont transmises par e-mail aux personnes int\u00e9ress\u00e9es et sont publi\u00e9es aux archives.<\/p>\n<p>Le bulletin est distribu\u00e9 exclusivement par voie t\u00e9l\u00e9matique et en format <a href=\"http:\/\/www.adobe.com\/fr\/products\/acrobat\/readstep2.html\" target=\"_blank\" rel=\"noopener noreferrer\">Acrobat Reader<\/a>. Si vous souhaitez \u00eatre inclus dans la liste d&rsquo;adresses \u00e9lectroniques des destinataires, envoyez un e-mail \u00e0 <a href=\"mailto:segreteria@ghidini-associati.it\"> segreteria @ ghidini-associati.it<\/a>.<\/p>\n<p>L&rsquo;insertion dans cette liste est <strong>gratuite<\/strong>, les donn\u00e9es sont exclusivement utilis\u00e9es pour l&rsquo;envoi, le destinataire peut \u00e0 tout moment demander et obtenir l&rsquo;exclusion de la liste en envoyant un e-mail \u00e0 l&rsquo;adresse susmentionn\u00e9e.<\/p>\n<p>Les circulaires sont r\u00e9dig\u00e9es en langue italienne et sont envoy\u00e9es anonymement, sans possibilit\u00e9 pour les destinataires de voir les adresses des autres.<\/p>\n<p>Lisez, s.v.p., <em> <a title=\"Avertissement\" href=\"\/fr\/avertissement\/\">les infos sur la protection des donn\u00e9s personnels<\/a><\/em><\/p>\n<p>Les archives qui suivent contiennent les circulaires les plus int\u00e9ressantes r\u00e9dig\u00e9es \u00e0 partir de 2001.<\/p>\n<div class=\"circolari\">\n<div class=\"anno\">2021<\/div>\n<ul class=\"integrazione\"><li><span class=\"lcp_post\"><a href=\"https:\/\/www.ghidini-associati.it\/fr\/circulaires\/circolare-n2-2021\/\">Circolare n. 2 &#8211; Misure urgenti in materia di crisi di impresa e di risanamento aziendale &#8211; Proroga e modifiche urgenti Composizione negoziata della crisi di impresa<\/a><\/span><\/li><li><span class=\"lcp_post\"><a href=\"https:\/\/www.ghidini-associati.it\/fr\/circulaires\/circolare-n1-2021\/\">Circolare n. 1 &#8211; Attivit\u00e0 bancarie, finanziarie e assicurative di intermediari britannici in Italia dal 1\u00b0 gennaio 2021<\/a><\/span><\/li><\/ul>\n<div class=\"anno\">2020<\/div>\n<ul class=\"integrazione\"><li><span class=\"lcp_post\"><a href=\"https:\/\/www.ghidini-associati.it\/fr\/circulaires\/circolare-n13\/\">Circolare n.13 &#8211; Covid-19 &#8211; Misure di sostegno all&rsquo;economia (DL 10 giugno 2020 n. 34, c.d. Decreto Rilancio)<\/a><\/span><\/li><li><span class=\"lcp_post\"><a href=\"https:\/\/www.ghidini-associati.it\/fr\/circulaires\/circolare-n12\/\">Circolare n.12 (Delibera CSM del 4 giugno 2020 Covid -19 &#8211; Procedure esecutive e concorsuali nella &lsquo;fase 2&rsquo;)<\/a><\/span><\/li><li><span class=\"lcp_post\"><a href=\"https:\/\/www.ghidini-associati.it\/fr\/circulaires\/circolare-n11\/\">Circolare n.11 (Olimpiadi Milano-Cortina, ATP Finals  e divieto di  ambush marketing)<\/a><\/span><\/li><li><span class=\"lcp_post\"><a href=\"https:\/\/www.ghidini-associati.it\/fr\/circulaires\/circolare-n10\/\">Circolare n.10 (L\u2019uso di certificazioni non obbligatorie riferite al Covid-19 (es: \u201cVirus free\u201d) quale pratica commerciale scorretta ai sensi del D.L. 9\/2020.)<\/a><\/span><\/li><li><span class=\"lcp_post\"><a href=\"https:\/\/www.ghidini-associati.it\/fr\/circulaires\/circolare-n9\/\">Circolare n.9 (Covid-19 &#8211; Procedimenti in materia di marchi, brevetti e design dinanzi ad Autorit\u00e0 Amministrative italiane e internazionali (UIBM, EPO, EUIPO, WIPO) &#8211; Aggiornamento Circolare 2-2020)<\/a><\/span><\/li><li><span class=\"lcp_post\"><a href=\"https:\/\/www.ghidini-associati.it\/fr\/circulaires\/circolare-n8\/\">Circolare n.8 (Artt. 36 \u2013 37 del D.L. 8 aprile 2020, n. 23 (Decreto liquidit\u00e0); Conversione in legge del D.L. 17 marzo 2020, n. 18 (Cura Italia) &#8211; Aggiornamento  Circolare 1-2020)<\/a><\/span><\/li><li><span class=\"lcp_post\"><a href=\"https:\/\/www.ghidini-associati.it\/fr\/circulaires\/circolare-n7\/\">Circolare n.7 (Capo II &#8211; Decreto Legge 8 aprile 2020 n. 23 &#8211; Misure urgenti per garantire la continuit\u00e0 delle imprese colpite dall\u2019emergenza Covid-19)<\/a><\/span><\/li><li><span class=\"lcp_post\"><a href=\"https:\/\/www.ghidini-associati.it\/fr\/circulaires\/circolare-n6\/\">Circolare n.6 (Comunicazione Autorit\u00e0 Garante della Concorrenza e del Mercato (AGCM) 1 aprile 2020 &#8211;  Interpretazione dell\u2019art. 103 &#8211; D.L. 17 marzo 2020, n. 18 (c.d. Decreto Cura Italia))<\/a><\/span><\/li><li><span class=\"lcp_post\"><a href=\"https:\/\/www.ghidini-associati.it\/fr\/circulaires\/circolare-n5\/\">Circolare n. 5 (Delibera CSM 186\/VV\/2020  26 marzo 2020 Linee guida agli Uffici Giudiziari  in ordine all&#8217;emergenza COVID 19 &#8211; Rinvii udienze &#8211; Protocollo udienze in remoto \u2013  Protocollo udienze con trattazione scritta)<\/a><\/span><\/li><li><span class=\"lcp_post\"><a href=\"https:\/\/www.ghidini-associati.it\/fr\/circulaires\/circolare-n4\/\">Circolare n. 4 (Comunicato stampa Banca d&rsquo;Italia 20 marzo 2020 &#8211; Proroghe dei termini a carico degli operatori del mercato bancario e finanziario e altre misure temporanee per mitigare l&rsquo;impatto delle misure Covid_19)<\/a><\/span><\/li><li><span class=\"lcp_post\"><a href=\"https:\/\/www.ghidini-associati.it\/fr\/circulaires\/circolare-n3-2020\/\">Circolare n. 3 (Moratorie nei Rapporti di Credito  Provvedimenti COVID_19  (DL 17 marzo 2020 n. 18 \/\/ Rinnovo moratorie ABI \u201cAccordo per il Credito 2019\u201d))<\/a><\/span><\/li><li><span class=\"lcp_post\"><a href=\"https:\/\/www.ghidini-associati.it\/fr\/circulaires\/circolare-n2-2020\/\">Circolare n. 2 (Covid-19 Procedimenti in materia di marchi, brevetti e design dinanzi ad Autorit\u00e0 Amministrative italiane e internazionali (UIBM, EPO, EUIPO, WIPO))<\/a><\/span><\/li><li><span class=\"lcp_post\"><a href=\"https:\/\/www.ghidini-associati.it\/fr\/circulaires\/circolare-n1-2020\/\">Circolare n. 1 (Artt. 83-84 &#8211; D.L. 17 marzo 2020, n. 18 (Cura Italia) Delibera banca d\u2019Italia n. 144\/2020 Delibera Consob n. 21299\/2020 Udienze civili e ammnistrative \u2013 Rinvii, sospensioni, modalit\u00e0 particolari Procedimenti di mediazione, ABF e ACF )<\/a><\/span><\/li><\/ul>\n<div class=\"anno\">2019<\/div>\n<ul>\n<li><a href=\"\/circolari\/2019-Circolare-3.pdf\" target=\"_blank\" rel=\"noopener noreferrer\">CIRCOLARE n. 3<\/a>  ( La nuova Class Action Vademecum operativo L. 12.4.2019 n. 31 (G.U. n. 92 19.4.2019 )<\/li>\n<li><a href=\"\/circolari\/2019-Circolare-2.pdf\" target=\"_blank\" rel=\"noopener noreferrer\">CIRCOLARE n. 2<\/a> ( Principali novit\u00e0 in materia di diritto bancario e finanziario introdotte dalla L. 31.12.2018 n. 145 (legge di bilancio 2019) )<\/li>\n<li><a href=\"\/circolari\/2019-Circolare-1.pdf\" target=\"_blank\" rel=\"noopener noreferrer\">CIRCOLARE n. 1<\/a> ( Provvedimento Banca d\u2019Italia 5 dicembre 2018: Attuazione orientamenti EBA in materia di dispositivi di governance e di controllo sui prodotti e servizi bancari e finanziari al dettaglio )<\/li>\n<\/ul>\n<div class=\"anno\">2017<\/div>\n<ul>\n<li><a href=\"\/circolari\/Circolare-1-2017.pdf\" target=\"_blank\" rel=\"noopener noreferrer\">CIRCOLARE n. 1<\/a> (Art. 118 Testo Unico Bancario e ius variandi: le indicazioni della Vigilanza sul giustificato motivo nelle modifiche unilaterali)<\/li>\n<\/ul>\n<div class=\"anno\">2016<\/div>\n<ul>\n<li><a href=\"\/circolari\/Circolare-2-2016.pdf\" target=\"_blank\" rel=\"noopener noreferrer\">CIRCOLARE n. 2<\/a> (MCD &#8211; Credito immobiliare ai consumatori)<\/li>\n<li><a href=\"\/circolari\/Circolare-1-2016.pdf\">CIRCOLARE n. 1<\/a> (Depenalizzazione e normativa antiriciclaggio: i reati convertiti in illeciti amministrativi)<\/li>\n<\/ul>\n<div class=\"anno\">2013<\/div>\n<ul>\n<li><a href=\"\/circolari\/Circolare 1-2013.pdf\" target=\"_blank\" rel=\"noopener noreferrer\">CIRCOLARE n. 1<\/a> (La Mediazione finalizzata alla conciliazione delle controversie civili e commerciali. La Mediazione in 10 punti)<\/li>\n<\/ul>\n<div class=\"anno\">2012<\/div>\n<ul>\n<li><a href=\"\/circolari\/Circolare 1-2012.pdf\" target=\"_blank\" rel=\"noopener noreferrer\">CIRCOLARE n. 1<\/a> (L&rsquo;Autorit\u00e0 Garante della Concorrenza e del Mercato: le nuove attribuzioni e regole procedurali (pubblicit\u00e0 ingannevole, pratiche commerciali scorrette, clausole vessatorie e impegni antitrust) )<\/li>\n<\/ul>\n<div class=\"anno\">2011<\/div>\n<ul>\n<li><a href=\"\/circolari\/circolare 1-2011.pdf\" target=\"_blank\" rel=\"noopener noreferrer\">CIRCOLARE n. 1<\/a> (memorandum sui preliminari cambiamenti operativi (Consob e Banca d&rsquo;Italia) intervenuti, a seguito dell&rsquo;entrata in vigore della Direttiva 2009\/65\/CE (\u00ab\u00a0UCITS IV\u00a0\u00bb) il 1\u00b0 luglio 2011, nonch\u00e9 su alcune connesse innovazioni in ambito fiscale)<\/li>\n<\/ul>\n<div class=\"anno\">2010<\/div>\n<ul>\n<li><a href=\"\/circolari\/circolare 6-2010 - Modifiche al TUB.pdf\" target=\"_blank\" rel=\"noopener noreferrer\">CIRCOLARE n. 6<\/a> (modifiche al TUB in materia di soggetti del mercato finanziario, agenti in attivit\u00e0 finanziaria e mediatori creditizi e disciplina transitoria)<\/li>\n<li><a href=\"\/circolari\/Circolare 5bis-2010 - Testo coordinato con le modifiche apportate al CPI.pdf\" target=\"_blank\" rel=\"noopener noreferrer\">CIRCOLARE n. 5<\/a> (BIS) (testo coordinato con le modifiche apportate al CPI)<\/li>\n<li><a href=\"\/circolari\/Circolare 5-2010 - Modifiche CPI.pdf\" target=\"_blank\" rel=\"noopener noreferrer\">CIRCOLARE n. 5<\/a> (le modifiche al Codice della Propriet\u00e0 Industriale (d.lgs. n. 30\/2005) introdotte in attuazione della delega di cui alla legge n. 99\/2010 (d.lgs. 13 agosto 2010, n. 131) )<\/li>\n<li><a href=\"\/circolari\/Circolare 4-2010.pdf\">CIRCOLARE n. 4<\/a> (contratti di credito al consumo, D. Lgs. &#8211; in via di pubblicazione sulla G.U.- di recepimento della Direttiva 2008\/48\/CE)<\/li>\n<li><a href=\"\/circolari\/Circolare 3-2010.pdf\" target=\"_blank\" rel=\"noopener noreferrer\">CIRCOLARE n. 3<\/a> (diritti degli azionisti, aggiornamento a seguito pubblicazione del D. Lgs. 27\/2010)<\/li>\n<li><a href=\"\/circolari\/Circolare 2-2010.pdf\" target=\"_blank\" rel=\"noopener noreferrer\">CIRCOLARE n. 2<\/a> (servizi di pagamento nel mercato interno)<\/li>\n<li><a href=\"\/circolari\/Circolare 1-2010 .pdf\" target=\"_blank\" rel=\"noopener noreferrer\">CIRCOLARE n. 1<\/a> (diritti degli azionisti)<\/li>\n<\/ul>\n<div class=\"anno\">2007<\/div>\n<ul>\n<li><a href=\"\/circolari\/Circolare 4-2007.pdf\" target=\"_blank\" rel=\"noopener noreferrer\">CIRCOLARE n. 4<\/a> (MiFID &#8211; regime transitorio)<\/li>\n<li><a href=\"\/circolari\/Circolare 3-2007 - Privacy e PMI.pdf\" target=\"_blank\" rel=\"noopener noreferrer\">CIRCOLARE n. 3<\/a> (privacy e PMI)<\/li>\n<li><a href=\"\/circolari\/Circolare 2-2007 - Modifica delle condizioni contrattuali.pdf\" target=\"_blank\" rel=\"noopener noreferrer\">CIRCOLARE n. 2<\/a> (modifica delle condizioni contrattuali bancarie &#8211; Interpretazioni sul nuovo art. 118 TUB)<\/li>\n<li><a href=\"\/circolari\/Circolare 1-2007 - Tutela del risparmio.pdf\">CIRCOLARE n. 1<\/a> (tutela del risparmio)<\/li>\n<\/ul>\n<div class=\"anno\">2006<\/div>\n<ul>\n<li><a href=\"\/circolari\/Circolare 1-2006 - Attuazione Consob della disciplina comunitaria.pdf\" target=\"_blank\" rel=\"noopener noreferrer\">CIRCOLARE n. 1<\/a> (attuazione Consob della disciplina comunitaria su market abuse e prospetti informativi)<\/li>\n<li><a href=\"\/circolari\/circolare ID - Bozza del maggio 2006 - circ 2-2006.pdf\" target=\"_blank\" rel=\"noopener noreferrer\">CIRCOLARE n. 0<\/a> (fuori elenco) (industrial design &#8211; aggiornamenti normativi e suggerimenti operativi)<\/li>\n<\/ul>\n<div class=\"anno\">2005<\/div>\n<ul>\n<li><a href=\"\/circolari\/Circolare 6-2005 - Titolo esecutivo europeo per crediti non contestati.pdf\" target=\"_blank\" rel=\"noopener noreferrer\">CIRCOLARE n. 6<\/a> (titolo esecutivo europeo per crediti non contestati)<\/li>\n<li><a href=\"\/circolari\/Circolare 5-2005 - Commercializzazione a distanza di servizi finanziari.pdf\" target=\"_blank\" rel=\"noopener noreferrer\">CIRCOLARE n. 5<\/a> (commercializzazione a distanza di servizi finanziari)<\/li>\n<li><a href=\"\/circolari\/Circolare 4-2005 - PREVENZIONE FRODI CARTE DI PAGAMENTO.pdf\" target=\"_blank\" rel=\"noopener noreferrer\">CIRCOLARE n. 4<\/a> (prevenzione frodi carte di pagamento)<\/li>\n<li><a href=\"\/circolari\/Circolare 3-2005 - Proroga privacy.pdf\" target=\"_blank\" rel=\"noopener noreferrer\">CIRCOLARE n. 3<\/a> (proroga dei termini privacy)<\/li>\n<li><a href=\"\/circolari\/Circolare 2-2005 - Nuove disposizioni in materia fallimentare.pdf\" target=\"_blank\" rel=\"noopener noreferrer\">CIRCOLARE n. 2<\/a> (nuove disposizioni in materia fallimentare)<\/li>\n<li><a href=\"\/circolari\/Circolare 1-2005 - D Lgs in materia di cosmetici.pdf\" target=\"_blank\" rel=\"noopener noreferrer\">CIRCOLARE n. 1<\/a> (nuove disposizioni in materia di prodotti cosmetici)<\/li>\n<\/ul>\n<div class=\"anno\">2004<\/div>\n<ul>\n<li><a href=\"\/circolari\/Circolare 5-2004 - Nuova disciplina delle garanzie finanziarie.pdf\" target=\"_blank\" rel=\"noopener noreferrer\">CIRCOLARE n. 5<\/a> (nuova disciplina delle garanzie finanziarie)<\/li>\n<li><a href=\"\/circolari\/circolare 4-2004 - Privacy - proroga termini misure di sicurezza.pdf\" target=\"_blank\" rel=\"noopener noreferrer\">CIRCOLARE n. 4<\/a> (proroga dei termini privacy)<\/li>\n<li><a href=\"\/circolari\/Circolare 3-2004 - Franchising.pdf\" target=\"_blank\" rel=\"noopener noreferrer\">CIRCOLARE n. 3<\/a> (norme sul franchising)<\/li>\n<li><a href=\"\/circolari\/Circolare 2-2004 - notifica Garante privacy.pdf\" target=\"_blank\" rel=\"noopener noreferrer\">CIRCOLARE n. 2<\/a> (notifica al garante privacy)<\/li>\n<li><a href=\"\/circolari\/Circolare 2bis-2004 - notifica Garante privacy - Ultim'ora.pdf\" target=\"_blank\" rel=\"noopener noreferrer\">CIRCOLARE n. 2<\/a> (BIS) (notifica al garante privacy &#8211; ultim&rsquo;ora)<\/li>\n<li><a href=\"\/circolari\/Circolare 1-2004 - Nuove modifiche al diritto societario.pdf\" target=\"_blank\" rel=\"noopener noreferrer\">CIRCOLARE n. 1<\/a> (diritto societario &#8211; aggiornamento circolare 1\/2003)<\/li>\n<\/ul>\n<div class=\"anno\">2003<\/div>\n<ul>\n<li><a href=\"\/circolari\/Circolare 3-2003 - Trasparenza bancaria e finanziaria.pdf\" target=\"_blank\" rel=\"noopener noreferrer\">CIRCOLARE n. 3<\/a> (trasparenza bancaria e finanziaria)<\/li>\n<li><a href=\"\/circolari\/Circolare 2-2003.pdf\" target=\"_blank\" rel=\"noopener noreferrer\">CIRCOLARE n. 2<\/a> (codice della privacy)<\/li>\n<li><a href=\"\/circolari\/Circolare 1-2003.pdf\" target=\"_blank\" rel=\"noopener noreferrer\">CIRCOLARE n. 1<\/a> (diritto societario &#8211; entrata in vigore progressiva)<\/li>\n<\/ul>\n<div class=\"anno\">2002<\/div>\n<ul>\n<li><a href=\"\/circolari\/Circolare 4-2002 - Commercializzazione distanza serv. finanziari.pdf\" target=\"_blank\" rel=\"noopener noreferrer\">CIRCOLARE n. 4<\/a> (commercializzazione a distanza di servizi finanziari)<\/li>\n<li><a href=\"\/circolari\/Circolare 3-2002 - Ritardo nei pagamenti.pdf\" target=\"_blank\" rel=\"noopener noreferrer\">CIRCOLARE n. 3<\/a> (nuova disciplina per i ritardi di pagamento)<\/li>\n<li><a href=\"\/circolari\/Circolare 2-2002 - Agenti in attivit\u00e0 finanziaria.pdf\" target=\"_blank\" rel=\"noopener noreferrer\">CIRCOLARE n. 2<\/a> (agenzia in attivit\u00e0 finanziaria)<\/li>\n<li><a href=\"\/circolari\/Circolare 1-2002 - garanzia prodotti.pdf\" target=\"_blank\" rel=\"noopener noreferrer\">CIRCOLARE n. 1<\/a> (garanzia sui prodotti)<\/li>\n<\/ul>\n<div class=\"anno\">2001<\/div>\n<ul>\n<li><a href=\"\/circolari\/Circolare 1-2001 - Modifica dell'art. 1751bis cod.civ.pdf\" target=\"_blank\" rel=\"noopener noreferrer\">CIRCOLARE n. 1<\/a> (modifica dell&rsquo;art. 1751\/bis del codice civile)<\/li>\n<\/ul>\n<\/div>\n","protected":false},"excerpt":{"rendered":"<p>Les archives circulaires Lors d&rsquo;\u00e9v\u00e9nements normatifs d&rsquo;une importance particuli\u00e8re et li\u00e9s aux secteurs relevant de la comp\u00e9tence de ses avocats, le Cabinet r\u00e9dige des circulaires d&rsquo;information r\u00e9serv\u00e9es \u00e0 ses propres clients et correspondants et \u00e0 toute personne en faisant la demande. Les circulaires (qui ne sont pas des avis juridiques) sont transmises par e-mail aux<\/p><\/div>\n<div class=\"blog-btn\"><a href=\"https:\/\/www.ghidini-associati.it\/fr\/circulaires\/\" class=\"home-blog-btn\">Lire la suite<\/a><\/p>\n","protected":false},"author":2,"featured_media":0,"parent":0,"menu_order":0,"comment_status":"closed","ping_status":"open","template":"","meta":{"footnotes":""},"class_list":["post-298","page","type-page","status-publish","hentry"],"yoast_head":"<!-- This site is optimized with the Yoast SEO plugin v27.4 - https:\/\/yoast.com\/product\/yoast-seo-wordpress\/ -->\n<title>Studio Ghidini, Girino &amp; Associati: le Circolari<\/title>\n<meta name=\"description\" content=\"L&#039;archivio contiene le circolari riguardanti gli eventi normativi di maggior interesse diramate a partire dal 2001.\" \/>\n<meta name=\"robots\" content=\"index, follow, max-snippet:-1, max-image-preview:large, max-video-preview:-1\" \/>\n<link rel=\"canonical\" href=\"https:\/\/www.ghidini-associati.it\/fr\/circulaires\/\" \/>\n<meta property=\"og:locale\" content=\"fr_FR\" \/>\n<meta property=\"og:type\" content=\"article\" \/>\n<meta property=\"og:title\" content=\"Studio Ghidini, Girino &amp; Associati: le Circolari\" \/>\n<meta property=\"og:description\" content=\"L&#039;archivio contiene le circolari riguardanti gli eventi normativi di maggior interesse diramate a partire dal 2001.\" \/>\n<meta property=\"og:url\" content=\"https:\/\/www.ghidini-associati.it\/fr\/circulaires\/\" \/>\n<meta property=\"og:site_name\" content=\"Studio Ghidini, Girino &amp; Associati\" \/>\n<meta property=\"article:modified_time\" content=\"2021-01-26T15:11:18+00:00\" \/>\n<meta name=\"twitter:card\" content=\"summary_large_image\" \/>\n<meta name=\"twitter:label1\" content=\"Dur\u00e9e de lecture estim\u00e9e\" \/>\n\t<meta name=\"twitter:data1\" content=\"3 minutes\" \/>\n<script type=\"application\/ld+json\" class=\"yoast-schema-graph\">{\"@context\":\"https:\\\/\\\/schema.org\",\"@graph\":[{\"@type\":\"WebPage\",\"@id\":\"https:\\\/\\\/www.ghidini-associati.it\\\/fr\\\/circulaires\\\/\",\"url\":\"https:\\\/\\\/www.ghidini-associati.it\\\/fr\\\/circulaires\\\/\",\"name\":\"Studio Ghidini, Girino & Associati: le Circolari\",\"isPartOf\":{\"@id\":\"https:\\\/\\\/www.ghidini-associati.it\\\/fr\\\/#website\"},\"datePublished\":\"2014-05-24T09:28:20+00:00\",\"dateModified\":\"2021-01-26T15:11:18+00:00\",\"description\":\"L'archivio contiene le circolari riguardanti gli eventi normativi di maggior interesse diramate a partire dal 2001.\",\"breadcrumb\":{\"@id\":\"https:\\\/\\\/www.ghidini-associati.it\\\/fr\\\/circulaires\\\/#breadcrumb\"},\"inLanguage\":\"fr-FR\",\"potentialAction\":[{\"@type\":\"ReadAction\",\"target\":[\"https:\\\/\\\/www.ghidini-associati.it\\\/fr\\\/circulaires\\\/\"]}]},{\"@type\":\"BreadcrumbList\",\"@id\":\"https:\\\/\\\/www.ghidini-associati.it\\\/fr\\\/circulaires\\\/#breadcrumb\",\"itemListElement\":[{\"@type\":\"ListItem\",\"position\":1,\"name\":\"Home\",\"item\":\"https:\\\/\\\/www.ghidini-associati.it\\\/fr\\\/\"},{\"@type\":\"ListItem\",\"position\":2,\"name\":\"Le Circulaires\"}]},{\"@type\":\"WebSite\",\"@id\":\"https:\\\/\\\/www.ghidini-associati.it\\\/fr\\\/#website\",\"url\":\"https:\\\/\\\/www.ghidini-associati.it\\\/fr\\\/\",\"name\":\"Studio Ghidini, Girino &amp; Associati\",\"description\":\"\",\"publisher\":{\"@id\":\"https:\\\/\\\/www.ghidini-associati.it\\\/fr\\\/#organization\"},\"potentialAction\":[{\"@type\":\"SearchAction\",\"target\":{\"@type\":\"EntryPoint\",\"urlTemplate\":\"https:\\\/\\\/www.ghidini-associati.it\\\/fr\\\/?s={search_term_string}\"},\"query-input\":{\"@type\":\"PropertyValueSpecification\",\"valueRequired\":true,\"valueName\":\"search_term_string\"}}],\"inLanguage\":\"fr-FR\"},{\"@type\":\"Organization\",\"@id\":\"https:\\\/\\\/www.ghidini-associati.it\\\/fr\\\/#organization\",\"name\":\"Studio Ghidini, Girino & Associati\",\"url\":\"https:\\\/\\\/www.ghidini-associati.it\\\/fr\\\/\",\"logo\":{\"@type\":\"ImageObject\",\"inLanguage\":\"fr-FR\",\"@id\":\"https:\\\/\\\/www.ghidini-associati.it\\\/fr\\\/#\\\/schema\\\/logo\\\/image\\\/\",\"url\":\"https:\\\/\\\/www.ghidini-associati.it\\\/wp-content\\\/uploads\\\/2019\\\/02\\\/logo-trasp-small.png\",\"contentUrl\":\"https:\\\/\\\/www.ghidini-associati.it\\\/wp-content\\\/uploads\\\/2019\\\/02\\\/logo-trasp-small.png\",\"width\":450,\"height\":84,\"caption\":\"Studio Ghidini, Girino & Associati\"},\"image\":{\"@id\":\"https:\\\/\\\/www.ghidini-associati.it\\\/fr\\\/#\\\/schema\\\/logo\\\/image\\\/\"}}]}<\/script>\n<!-- \/ Yoast SEO plugin. -->","yoast_head_json":{"title":"Studio Ghidini, Girino & Associati: le Circolari","description":"L'archivio contiene le circolari riguardanti gli eventi normativi di maggior interesse diramate a partire dal 2001.","robots":{"index":"index","follow":"follow","max-snippet":"max-snippet:-1","max-image-preview":"max-image-preview:large","max-video-preview":"max-video-preview:-1"},"canonical":"https:\/\/www.ghidini-associati.it\/fr\/circulaires\/","og_locale":"fr_FR","og_type":"article","og_title":"Studio Ghidini, Girino & Associati: le Circolari","og_description":"L'archivio contiene le circolari riguardanti gli eventi normativi di maggior interesse diramate a partire dal 2001.","og_url":"https:\/\/www.ghidini-associati.it\/fr\/circulaires\/","og_site_name":"Studio Ghidini, Girino &amp; Associati","article_modified_time":"2021-01-26T15:11:18+00:00","twitter_card":"summary_large_image","twitter_misc":{"Dur\u00e9e de lecture estim\u00e9e":"3 minutes"},"schema":{"@context":"https:\/\/schema.org","@graph":[{"@type":"WebPage","@id":"https:\/\/www.ghidini-associati.it\/fr\/circulaires\/","url":"https:\/\/www.ghidini-associati.it\/fr\/circulaires\/","name":"Studio Ghidini, Girino & Associati: le Circolari","isPartOf":{"@id":"https:\/\/www.ghidini-associati.it\/fr\/#website"},"datePublished":"2014-05-24T09:28:20+00:00","dateModified":"2021-01-26T15:11:18+00:00","description":"L'archivio contiene le circolari riguardanti gli eventi normativi di maggior interesse diramate a partire dal 2001.","breadcrumb":{"@id":"https:\/\/www.ghidini-associati.it\/fr\/circulaires\/#breadcrumb"},"inLanguage":"fr-FR","potentialAction":[{"@type":"ReadAction","target":["https:\/\/www.ghidini-associati.it\/fr\/circulaires\/"]}]},{"@type":"BreadcrumbList","@id":"https:\/\/www.ghidini-associati.it\/fr\/circulaires\/#breadcrumb","itemListElement":[{"@type":"ListItem","position":1,"name":"Home","item":"https:\/\/www.ghidini-associati.it\/fr\/"},{"@type":"ListItem","position":2,"name":"Le Circulaires"}]},{"@type":"WebSite","@id":"https:\/\/www.ghidini-associati.it\/fr\/#website","url":"https:\/\/www.ghidini-associati.it\/fr\/","name":"Studio Ghidini, Girino &amp; Associati","description":"","publisher":{"@id":"https:\/\/www.ghidini-associati.it\/fr\/#organization"},"potentialAction":[{"@type":"SearchAction","target":{"@type":"EntryPoint","urlTemplate":"https:\/\/www.ghidini-associati.it\/fr\/?s={search_term_string}"},"query-input":{"@type":"PropertyValueSpecification","valueRequired":true,"valueName":"search_term_string"}}],"inLanguage":"fr-FR"},{"@type":"Organization","@id":"https:\/\/www.ghidini-associati.it\/fr\/#organization","name":"Studio Ghidini, Girino & Associati","url":"https:\/\/www.ghidini-associati.it\/fr\/","logo":{"@type":"ImageObject","inLanguage":"fr-FR","@id":"https:\/\/www.ghidini-associati.it\/fr\/#\/schema\/logo\/image\/","url":"https:\/\/www.ghidini-associati.it\/wp-content\/uploads\/2019\/02\/logo-trasp-small.png","contentUrl":"https:\/\/www.ghidini-associati.it\/wp-content\/uploads\/2019\/02\/logo-trasp-small.png","width":450,"height":84,"caption":"Studio Ghidini, Girino & Associati"},"image":{"@id":"https:\/\/www.ghidini-associati.it\/fr\/#\/schema\/logo\/image\/"}}]}},"_links":{"self":[{"href":"https:\/\/www.ghidini-associati.it\/fr\/wp-json\/wp\/v2\/pages\/298","targetHints":{"allow":["GET"]}}],"collection":[{"href":"https:\/\/www.ghidini-associati.it\/fr\/wp-json\/wp\/v2\/pages"}],"about":[{"href":"https:\/\/www.ghidini-associati.it\/fr\/wp-json\/wp\/v2\/types\/page"}],"author":[{"embeddable":true,"href":"https:\/\/www.ghidini-associati.it\/fr\/wp-json\/wp\/v2\/users\/2"}],"replies":[{"embeddable":true,"href":"https:\/\/www.ghidini-associati.it\/fr\/wp-json\/wp\/v2\/comments?post=298"}],"version-history":[{"count":0,"href":"https:\/\/www.ghidini-associati.it\/fr\/wp-json\/wp\/v2\/pages\/298\/revisions"}],"wp:attachment":[{"href":"https:\/\/www.ghidini-associati.it\/fr\/wp-json\/wp\/v2\/media?parent=298"}],"curies":[{"name":"wp","href":"https:\/\/api.w.org\/{rel}","templated":true}]}}